{"id":1097,"date":"2024-05-21T13:00:14","date_gmt":"2024-05-21T11:00:14","guid":{"rendered":"https:\/\/tiszakastely.hu\/history\/tisza-kripta\/"},"modified":"2024-08-27T10:05:44","modified_gmt":"2024-08-27T08:05:44","slug":"the-tisza-crypt","status":"publish","type":"page","link":"https:\/\/tiszakastely.hu\/en\/history\/the-tisza-crypt\/","title":{"rendered":"The Tisza Crypt"},"content":{"rendered":"<div id=\"pl-1097\"  class=\"panel-layout\" ><div id=\"pg-1097-0\"  class=\"panel-grid panel-no-style\" ><div id=\"pgc-1097-0-0\"  class=\"panel-grid-cell\" ><div id=\"panel-1097-0-0-0\" class=\"so-panel widget widget_ndm-headings panel-first-child\" data-index=\"0\" ><div\n\t\t\t\n\t\t\tclass=\"so-widget-ndm-headings so-widget-ndm-headings-default-d75171398898-1097\"\n\t\t\t\n\t\t><h2 class=\"ndm-heading text-start text-black mb-2\">The crypt of the Tisza family<\/h2><\/div><\/div><div id=\"panel-1097-0-0-1\" class=\"so-panel widget widget_sow-editor panel-last-child\" data-index=\"1\" ><div\n\t\t\t\n\t\t\tclass=\"so-widget-sow-editor so-widget-sow-editor-base\"\n\t\t\t\n\t\t>\n<div class=\"siteorigin-widget-tinymce textwidget\">\n\t<p>The crypt is a few minutes\u2019 walk from the castle. We know that L\u00e1szl\u00f3 I Tisza, who retook the estate, did not try to build a grand residence during his first years in Geszt. Maybe he felt his imminent, untimely death, because in addition to creating a solid financial foundation for his family\u2019s future and supporting the issues of his church, one of his first large expenditures was the construction of the family crypt where he was soon to be laid to rest. According to the Chronicle of Fekete Geszt, the crypt was built in the new cemetery between 1764 and 1769.<\/p>\n<p>The present building was erected in 1902, and after that the remains of family members who passed away elsewhere were also taken to the family crypt in Geszt. Currently there are 33 persons buried here, including great figures of Hungarian history: Prime Minister K\u00e1lm\u00e1n Tisza, the Count of Szeged, Lajos III Tisza, and Prime Minister Count Istv\u00e1n IV Tisza. The crypt reflects the prestige of the family, and the Tisza ladies are also buried here, including Countesses Katalin Teleki, J\u00falia Teleki and Ilona Degenfeld-Schomburg, Ot\u00edlia Holles, Mrs. Istv\u00e1n Tisza Jr n\u00e9e Jol\u00e1n S\u00e1ndor, Countess Erzs\u00e9bet Keglevich, and Vilhelmina Tisza (wife of baron P\u00e1l Lusenszky).<\/p>\n<p>Many of the Tisza children with great promise and talent died young, including the poet Domokos and J\u00f3zsef Tisza in the 20th century. Child mortality used to be high, from the children of L\u00e1szl\u00f3 Tisza and Katalin Teleki, J\u00f3zsef, K\u00e1roly, Ferenc and Emilia are buried here, and so are the children of Lajos Tisza and J\u00falia Teleki, Lajos, L\u00e1szl\u00f3 and B\u00e9la\u2013in a shared coffin since 1877. Prime Minister Istv\u00e1n Tisza wrote in the family Bible when Juliska Tisza died: \u201e<em>Our little daughter born on 13 September 1889, christened <u>Juli\u00e1nna<\/u> Paulina, the great Almighty took her on 1 January 1894.\u201d According to his last will, Lajos K\u00e1lm\u00e1n Tisza, who passed away in Argentina in 1974, is also buried here.<\/em><\/p>\n<\/div>\n<\/div><\/div><\/div><\/div><div id=\"pg-1097-1\"  class=\"panel-grid panel-no-style\" ><div id=\"pgc-1097-1-0\"  class=\"panel-grid-cell\" ><div id=\"panel-1097-1-0-0\" class=\"so-panel widget widget_ndm-image panel-first-child panel-last-child\" data-index=\"2\" ><div\n\t\t\t\n\t\t\tclass=\"so-widget-ndm-image so-widget-ndm-image-default-d75171398898-1097\"\n\t\t\t\n\t\t><div class=\"ndm-image mb-0\"><img decoding=\"async\" src=\"https:\/\/tiszakastely.hu\/wp-content\/uploads\/2024\/07\/20240605DSC_3373_eredmeny-jpg.avif\"title=\"The Tisza Crypt\" ><\/div><\/div><\/div><\/div><\/div><\/div>","protected":false},"excerpt":{"rendered":"<p>The crypt is a few minutes\u2019 walk from the castle. We know that L\u00e1szl\u00f3 I Tisza,&#8230;<\/p>\n","protected":false},"author":2,"featured_media":0,"parent":1094,"menu_order":3,"comment_status":"closed","ping_status":"closed","template":"fullwidth.php","meta":{"_acf_changed":false,"footnotes":""},"class_list":["post-1097","page","type-page","status-publish","hentry"],"acf":[],"_links":{"self":[{"href":"https:\/\/tiszakastely.hu\/en\/wp-json\/wp\/v2\/pages\/1097","targetHints":{"allow":["GET"]}}],"collection":[{"href":"https:\/\/tiszakastely.hu\/en\/wp-json\/wp\/v2\/pages"}],"about":[{"href":"https:\/\/tiszakastely.hu\/en\/wp-json\/wp\/v2\/types\/page"}],"author":[{"embeddable":true,"href":"https:\/\/tiszakastely.hu\/en\/wp-json\/wp\/v2\/users\/2"}],"replies":[{"embeddable":true,"href":"https:\/\/tiszakastely.hu\/en\/wp-json\/wp\/v2\/comments?post=1097"}],"version-history":[{"count":0,"href":"https:\/\/tiszakastely.hu\/en\/wp-json\/wp\/v2\/pages\/1097\/revisions"}],"up":[{"embeddable":true,"href":"https:\/\/tiszakastely.hu\/en\/wp-json\/wp\/v2\/pages\/1094"}],"wp:attachment":[{"href":"https:\/\/tiszakastely.hu\/en\/wp-json\/wp\/v2\/media?parent=1097"}],"curies":[{"name":"wp","href":"https:\/\/api.w.org\/{rel}","templated":true}]}}