{"id":1183,"date":"2023-09-20T17:24:58","date_gmt":"2023-09-20T15:24:58","guid":{"rendered":"https:\/\/tiszakastely.hu\/nyitolap\/"},"modified":"2024-08-28T09:06:24","modified_gmt":"2024-08-28T07:06:24","slug":"nyitolap","status":"publish","type":"page","link":"https:\/\/tiszakastely.hu\/ro\/","title":{"rendered":"Pagina de deschidere"},"content":{"rendered":"<div id=\"pl-1183\"  class=\"panel-layout\" ><div id=\"pg-1183-0\"  class=\"panel-grid panel-has-style\" ><div class=\"panel-row-style panel-row-style-for-1183-0\" ><div id=\"pgc-1183-0-0\"  class=\"panel-grid-cell\" ><div id=\"panel-1183-0-0-0\" class=\"so-panel widget widget_ndm-headings panel-first-child\" data-index=\"0\" ><div\n\t\t\t\n\t\t\tclass=\"so-widget-ndm-headings so-widget-ndm-headings-default-d75171398898-1183\"\n\t\t\t\n\t\t><h2 class=\"ndm-heading text-start text-purple mt-2 mt-lg-3 mb-2\">Drag\u0103 vizitator!<\/h2><\/div><\/div><div id=\"panel-1183-0-0-1\" class=\"so-panel widget widget_sow-editor panel-last-child\" data-index=\"1\" ><div\n\t\t\t\n\t\t\tclass=\"so-widget-sow-editor so-widget-sow-editor-base\"\n\t\t\t\n\t\t>\n<div class=\"siteorigin-widget-tinymce textwidget\">\n\t<p><strong>Bun venit pe site-ul Castelului Tisza din Geszt.<\/strong><\/p>\n<p>Castelul renovat Tisza este un proiect pilot de dezvoltare turistic\u0103 complex \u0219i unic \u00een re\u021beaua operat\u0103 de N\u00d6F Nkft., \u00eentruc\u00e2t pe l\u00e2ng\u0103 expozi\u021bia permanent\u0103, spa\u021biul de pedagogie muzeal\u0103 \u0219i cafenea, ofer\u0103 oaspe\u021bilor spa\u021biu de cazare cu 29 de camere, restaurant, spa\u021bii comunitare \u0219i terenuri de sport. Elementul central al conceptului nostru de utilizare durabil\u0103 este implicarea c\u00e2t mai larg\u0103 a comunit\u0103\u021bilor locale \u00een via\u021ba de zi cu zi a castelului, angajarea for\u021bei de munc\u0103 locale \u0219i stabilirea unei cooper\u0103ri str\u00e2nse cu micii produc\u0103tori \u0219i prestatori de servicii locali. Este pl\u0103cerea mea s\u0103 v\u0103 anun\u021b c\u0103 at\u00e2t Castelul Tisza, c\u00e2t \u0219i gr\u0103dina \u0219i parcul din jurul acestuia, precum \u0219i Pensiunea Arany J\u00e1nos cu Casa memorial\u0103 Arany J\u00e1nos sunt deschise vizitatorilor \u00eencep\u00e2nd cu 5 iunie 2024.<\/p>\n<p>Zsanett Ol\u00e1h<br \/>\n<em>Director executiv, N\u00d6F Nonprofit Kft.<\/em><\/p>\n<\/div>\n<\/div><\/div><\/div><div id=\"pgc-1183-0-1\"  class=\"panel-grid-cell\" ><div id=\"panel-1183-0-1-0\" class=\"so-panel widget widget_ndm-image panel-first-child panel-last-child\" data-index=\"2\" ><div\n\t\t\t\n\t\t\tclass=\"so-widget-ndm-image so-widget-ndm-image-default-d75171398898-1183\"\n\t\t\t\n\t\t><div class=\"ndm-image mb-0\"><img decoding=\"async\" src=\"https:\/\/tiszakastely.hu\/wp-content\/uploads\/2024\/07\/20240605DSC_4318_eredmeny.jpg\"title=\"Pagina de deschidere\" ><\/div><\/div><\/div><\/div><\/div><\/div><div id=\"pg-1183-1\"  class=\"panel-grid panel-has-style\" ><div class=\"siteorigin-panels-stretch panel-row-style panel-row-style-for-1183-1\" data-stretch-type=\"full-width-stretch\" ><div id=\"pgc-1183-1-0\"  class=\"panel-grid-cell\" ><div id=\"panel-1183-1-0-0\" class=\"so-panel widget widget_ndm-section-title panel-first-child\" data-index=\"3\" ><div\n\t\t\t\n\t\t\tclass=\"so-widget-ndm-section-title so-widget-ndm-section-title-default-d75171398898-1183\"\n\t\t\t\n\t\t><h2 class=\"ndm-big-title text-uppercase text-center mb-3 mb-lg-5\">Galerie<\/h2><\/div><\/div><div id=\"panel-1183-1-0-1\" class=\"so-panel widget widget_ndm-gallery-slider\" data-index=\"4\" ><div\n\t\t\t\n\t\t\tclass=\"so-widget-ndm-gallery-slider so-widget-ndm-gallery-slider-default-d75171398898-1183\"\n\t\t\t\n\t\t><div class=\"ndm-gallery-slider swiper ms-3 ms-lg-4 me-lg-4 mb-3 mb-lg-4\"><div class=\"swiper-wrapper\"><div class=\"swiper-slide\">\n<article id=\"post-1188\" class=\"ndm-gallery post-1188 galeria type-galeria status-publish has-post-thumbnail hentry\">\n\t\t\t<div class=\"ndm-gallery__feat-img-wrapper mb-1\">\n\t\t\t\t\t\t\t\t\t<a href=\"https:\/\/tiszakastely.hu\/ro\/galerie\/gradina-castelului\/\">\n\t\t\t\t\t\t\t<div class=\"ndm-view d-flex align-items-center justify-content-center\">\n\t\t\t\t\t\t\t\t<svg xmlns=\"http:\/\/www.w3.org\/2000\/svg\" width=\"16\" height=\"16\" fill=\"#fff\" class=\"bi bi-eye\" viewBox=\"0 0 16 16\">\n\t\t\t\t\t\t\t\t\t<path d=\"M16 8s-3-5.5-8-5.5S0 8 0 8s3 5.5 8 5.5S16 8 16 8zM1.173 8a13.133 13.133 0 0 1 1.66-2.043C4.12 4.668 5.88 3.5 8 3.5c2.12 0 3.879 1.168 5.168 2.457A13.133 13.133 0 0 1 14.828 8c-.058.087-.122.183-.195.288-.335.48-.83 1.12-1.465 1.755C11.879 11.332 10.119 12.5 8 12.5c-2.12 0-3.879-1.168-5.168-2.457A13.134 13.134 0 0 1 1.172 8z\"\/>\n\t\t\t\t\t\t\t\t\t<path d=\"M8 5.5a2.5 2.5 0 1 0 0 5 2.5 2.5 0 0 0 0-5zM4.5 8a3.5 3.5 0 1 1 7 0 3.5 3.5 0 0 1-7 0z\"\/>\n\t\t\t\t\t\t\t\t<\/svg>\n\t\t\t\t\t\t\t<\/div>\n\t\t\t\t\t\t\t\t<img decoding=\"async\" src=\"https:\/\/tiszakastely.hu\/wp-content\/uploads\/2024\/05\/DJI_0229-HDR-2-826x465.webp\" class=\"ndm-gallery__feat-img\" title=\"DJI_0229-HDR-2\" >\n\t\t\t<\/a>\t\t<\/div>\n\t\t<div class=\"ndm-gallery__meta d-flex justify-content-between pb-1\">\n\t\t<h3 class=\"ndm-gallery__title mb-0\">\n\t\t\tGr\u0103dina castelului\t\t<\/h3>\n\t\t<span class=\"ndm-gallery__noi\"><svg xmlns=\"http:\/\/www.w3.org\/2000\/svg\" width=\"16\" height=\"16\" fill=\"currentColor\" class=\"bi bi-images me-1\" viewBox=\"0 0 16 16\"><path d=\"M4.502 9a1.5 1.5 0 1 0 0-3 1.5 1.5 0 0 0 0 3z\"\/><path d=\"M14.002 13a2 2 0 0 1-2 2h-10a2 2 0 0 1-2-2V5A2 2 0 0 1 2 3a2 2 0 0 1 2-2h10a2 2 0 0 1 2 2v8a2 2 0 0 1-1.998 2zM14 2H4a1 1 0 0 0-1 1h9.002a2 2 0 0 1 2 2v7A1 1 0 0 0 15 11V3a1 1 0 0 0-1-1zM2.002 4a1 1 0 0 0-1 1v8l2.646-2.354a.5.5 0 0 1 .63-.062l2.66 1.773 3.71-3.71a.5.5 0 0 1 .577-.094l1.777 1.947V5a1 1 0 0 0-1-1h-10z\"\/><\/svg>6<\/span>\t<\/div>\n<\/article><\/div><div class=\"swiper-slide\">\n<article id=\"post-1189\" class=\"ndm-gallery post-1189 galeria type-galeria status-publish has-post-thumbnail hentry\">\n\t\t\t<div class=\"ndm-gallery__feat-img-wrapper mb-1\">\n\t\t\t\t\t\t\t\t\t<a href=\"https:\/\/tiszakastely.hu\/ro\/galerie\/picturi\/\">\n\t\t\t\t\t\t\t<div class=\"ndm-view d-flex align-items-center justify-content-center\">\n\t\t\t\t\t\t\t\t<svg xmlns=\"http:\/\/www.w3.org\/2000\/svg\" width=\"16\" height=\"16\" fill=\"#fff\" class=\"bi bi-eye\" viewBox=\"0 0 16 16\">\n\t\t\t\t\t\t\t\t\t<path d=\"M16 8s-3-5.5-8-5.5S0 8 0 8s3 5.5 8 5.5S16 8 16 8zM1.173 8a13.133 13.133 0 0 1 1.66-2.043C4.12 4.668 5.88 3.5 8 3.5c2.12 0 3.879 1.168 5.168 2.457A13.133 13.133 0 0 1 14.828 8c-.058.087-.122.183-.195.288-.335.48-.83 1.12-1.465 1.755C11.879 11.332 10.119 12.5 8 12.5c-2.12 0-3.879-1.168-5.168-2.457A13.134 13.134 0 0 1 1.172 8z\"\/>\n\t\t\t\t\t\t\t\t\t<path d=\"M8 5.5a2.5 2.5 0 1 0 0 5 2.5 2.5 0 0 0 0-5zM4.5 8a3.5 3.5 0 1 1 7 0 3.5 3.5 0 0 1-7 0z\"\/>\n\t\t\t\t\t\t\t\t<\/svg>\n\t\t\t\t\t\t\t<\/div>\n\t\t\t\t\t\t\t\t<img decoding=\"async\" src=\"https:\/\/tiszakastely.hu\/wp-content\/uploads\/2024\/05\/GEL5198r-1-826x826.webp\" class=\"ndm-gallery__feat-img\" title=\"_GEL5198r\" >\n\t\t\t<\/a>\t\t<\/div>\n\t\t<div class=\"ndm-gallery__meta d-flex justify-content-between pb-1\">\n\t\t<h3 class=\"ndm-gallery__title mb-0\">\n\t\t\tPicturi\t\t<\/h3>\n\t\t<span class=\"ndm-gallery__noi\"><svg xmlns=\"http:\/\/www.w3.org\/2000\/svg\" width=\"16\" height=\"16\" fill=\"currentColor\" class=\"bi bi-images me-1\" viewBox=\"0 0 16 16\"><path d=\"M4.502 9a1.5 1.5 0 1 0 0-3 1.5 1.5 0 0 0 0 3z\"\/><path d=\"M14.002 13a2 2 0 0 1-2 2h-10a2 2 0 0 1-2-2V5A2 2 0 0 1 2 3a2 2 0 0 1 2-2h10a2 2 0 0 1 2 2v8a2 2 0 0 1-1.998 2zM14 2H4a1 1 0 0 0-1 1h9.002a2 2 0 0 1 2 2v7A1 1 0 0 0 15 11V3a1 1 0 0 0-1-1zM2.002 4a1 1 0 0 0-1 1v8l2.646-2.354a.5.5 0 0 1 .63-.062l2.66 1.773 3.71-3.71a.5.5 0 0 1 .577-.094l1.777 1.947V5a1 1 0 0 0-1-1h-10z\"\/><\/svg>3<\/span>\t<\/div>\n<\/article><\/div><div class=\"swiper-slide\">\n<article id=\"post-1190\" class=\"ndm-gallery post-1190 galeria type-galeria status-publish has-post-thumbnail hentry\">\n\t\t\t<div class=\"ndm-gallery__feat-img-wrapper mb-1\">\n\t\t\t\t\t\t\t\t\t<a href=\"https:\/\/tiszakastely.hu\/ro\/galerie\/exponate\/\">\n\t\t\t\t\t\t\t<div class=\"ndm-view d-flex align-items-center justify-content-center\">\n\t\t\t\t\t\t\t\t<svg xmlns=\"http:\/\/www.w3.org\/2000\/svg\" width=\"16\" height=\"16\" fill=\"#fff\" class=\"bi bi-eye\" viewBox=\"0 0 16 16\">\n\t\t\t\t\t\t\t\t\t<path d=\"M16 8s-3-5.5-8-5.5S0 8 0 8s3 5.5 8 5.5S16 8 16 8zM1.173 8a13.133 13.133 0 0 1 1.66-2.043C4.12 4.668 5.88 3.5 8 3.5c2.12 0 3.879 1.168 5.168 2.457A13.133 13.133 0 0 1 14.828 8c-.058.087-.122.183-.195.288-.335.48-.83 1.12-1.465 1.755C11.879 11.332 10.119 12.5 8 12.5c-2.12 0-3.879-1.168-5.168-2.457A13.134 13.134 0 0 1 1.172 8z\"\/>\n\t\t\t\t\t\t\t\t\t<path d=\"M8 5.5a2.5 2.5 0 1 0 0 5 2.5 2.5 0 0 0 0-5zM4.5 8a3.5 3.5 0 1 1 7 0 3.5 3.5 0 0 1-7 0z\"\/>\n\t\t\t\t\t\t\t\t<\/svg>\n\t\t\t\t\t\t\t<\/div>\n\t\t\t\t\t\t\t\t<img decoding=\"async\" src=\"https:\/\/tiszakastely.hu\/wp-content\/uploads\/2024\/05\/GEL4759-648x826.webp\" class=\"ndm-gallery__feat-img\" title=\"_GEL4759\" >\n\t\t\t<\/a>\t\t<\/div>\n\t\t<div class=\"ndm-gallery__meta d-flex justify-content-between pb-1\">\n\t\t<h3 class=\"ndm-gallery__title mb-0\">\n\t\t\tExponate\t\t<\/h3>\n\t\t<span class=\"ndm-gallery__noi\"><svg xmlns=\"http:\/\/www.w3.org\/2000\/svg\" width=\"16\" height=\"16\" fill=\"currentColor\" class=\"bi bi-images me-1\" viewBox=\"0 0 16 16\"><path d=\"M4.502 9a1.5 1.5 0 1 0 0-3 1.5 1.5 0 0 0 0 3z\"\/><path d=\"M14.002 13a2 2 0 0 1-2 2h-10a2 2 0 0 1-2-2V5A2 2 0 0 1 2 3a2 2 0 0 1 2-2h10a2 2 0 0 1 2 2v8a2 2 0 0 1-1.998 2zM14 2H4a1 1 0 0 0-1 1h9.002a2 2 0 0 1 2 2v7A1 1 0 0 0 15 11V3a1 1 0 0 0-1-1zM2.002 4a1 1 0 0 0-1 1v8l2.646-2.354a.5.5 0 0 1 .63-.062l2.66 1.773 3.71-3.71a.5.5 0 0 1 .577-.094l1.777 1.947V5a1 1 0 0 0-1-1h-10z\"\/><\/svg>14<\/span>\t<\/div>\n<\/article><\/div><div class=\"swiper-slide\">\n<article id=\"post-1191\" class=\"ndm-gallery post-1191 galeria type-galeria status-publish has-post-thumbnail hentry\">\n\t\t\t<div class=\"ndm-gallery__feat-img-wrapper mb-1\">\n\t\t\t\t\t\t\t\t\t<a href=\"https:\/\/tiszakastely.hu\/ro\/galerie\/sculpturi\/\">\n\t\t\t\t\t\t\t<div class=\"ndm-view d-flex align-items-center justify-content-center\">\n\t\t\t\t\t\t\t\t<svg xmlns=\"http:\/\/www.w3.org\/2000\/svg\" width=\"16\" height=\"16\" fill=\"#fff\" class=\"bi bi-eye\" viewBox=\"0 0 16 16\">\n\t\t\t\t\t\t\t\t\t<path d=\"M16 8s-3-5.5-8-5.5S0 8 0 8s3 5.5 8 5.5S16 8 16 8zM1.173 8a13.133 13.133 0 0 1 1.66-2.043C4.12 4.668 5.88 3.5 8 3.5c2.12 0 3.879 1.168 5.168 2.457A13.133 13.133 0 0 1 14.828 8c-.058.087-.122.183-.195.288-.335.48-.83 1.12-1.465 1.755C11.879 11.332 10.119 12.5 8 12.5c-2.12 0-3.879-1.168-5.168-2.457A13.134 13.134 0 0 1 1.172 8z\"\/>\n\t\t\t\t\t\t\t\t\t<path d=\"M8 5.5a2.5 2.5 0 1 0 0 5 2.5 2.5 0 0 0 0-5zM4.5 8a3.5 3.5 0 1 1 7 0 3.5 3.5 0 0 1-7 0z\"\/>\n\t\t\t\t\t\t\t\t<\/svg>\n\t\t\t\t\t\t\t<\/div>\n\t\t\t\t\t\t\t\t<img decoding=\"async\" src=\"https:\/\/tiszakastely.hu\/wp-content\/uploads\/2023\/09\/GEL5169-scaled-e1717436536562-743x826.webp\" class=\"ndm-gallery__feat-img\" title=\"_GEL5169\" >\n\t\t\t<\/a>\t\t<\/div>\n\t\t<div class=\"ndm-gallery__meta d-flex justify-content-between pb-1\">\n\t\t<h3 class=\"ndm-gallery__title mb-0\">\n\t\t\tSculpturi\t\t<\/h3>\n\t\t<span class=\"ndm-gallery__noi\"><svg xmlns=\"http:\/\/www.w3.org\/2000\/svg\" width=\"16\" height=\"16\" fill=\"currentColor\" class=\"bi bi-images me-1\" viewBox=\"0 0 16 16\"><path d=\"M4.502 9a1.5 1.5 0 1 0 0-3 1.5 1.5 0 0 0 0 3z\"\/><path d=\"M14.002 13a2 2 0 0 1-2 2h-10a2 2 0 0 1-2-2V5A2 2 0 0 1 2 3a2 2 0 0 1 2-2h10a2 2 0 0 1 2 2v8a2 2 0 0 1-1.998 2zM14 2H4a1 1 0 0 0-1 1h9.002a2 2 0 0 1 2 2v7A1 1 0 0 0 15 11V3a1 1 0 0 0-1-1zM2.002 4a1 1 0 0 0-1 1v8l2.646-2.354a.5.5 0 0 1 .63-.062l2.66 1.773 3.71-3.71a.5.5 0 0 1 .577-.094l1.777 1.947V5a1 1 0 0 0-1-1h-10z\"\/><\/svg>2<\/span>\t<\/div>\n<\/article><\/div><\/div><\/div><\/div><\/div><div id=\"panel-1183-1-0-2\" class=\"so-panel widget widget_ndm-btn panel-last-child\" data-index=\"5\" ><div\n\t\t\t\n\t\t\tclass=\"so-widget-ndm-btn so-widget-ndm-btn-default-d75171398898-1191\"\n\t\t\t\n\t\t><div class=\"ndm-btn text-center\"><a href=\"\/ro\/galerie\/\" class=\"btn btn-primary\">Mai multe<\/a><\/div><\/div><\/div><\/div><\/div><\/div><div id=\"pg-1183-2\"  class=\"panel-grid panel-has-style\" ><div class=\"panel-row-style panel-row-style-for-1183-2\" ><div id=\"pgc-1183-2-0\"  class=\"panel-grid-cell\" ><div id=\"panel-1183-2-0-0\" class=\"so-panel widget widget_ndm-section-title panel-first-child panel-last-child\" data-index=\"6\" ><div\n\t\t\t\n\t\t\tclass=\"so-widget-ndm-section-title so-widget-ndm-section-title-default-d75171398898-1191\"\n\t\t\t\n\t\t><h2 class=\"ndm-big-title text-uppercase text-center mb-3 mb-lg-5\">EXPOZI\u021aII<\/h2><\/div><\/div><\/div><\/div><\/div><div id=\"pg-1183-3\"  class=\"panel-grid panel-has-style\" ><div class=\"siteorigin-panels-stretch panel-row-style panel-row-style-for-1183-3\" data-stretch-type=\"full-width-stretch\" ><div id=\"pgc-1183-3-0\"  class=\"panel-grid-cell\" ><div id=\"panel-1183-3-0-0\" class=\"so-panel widget widget_ndm-img-link panel-first-child panel-last-child\" data-index=\"7\" ><div\n\t\t\t\n\t\t\tclass=\"so-widget-ndm-img-link so-widget-ndm-img-link-default-d75171398898-1191\"\n\t\t\t\n\t\t><div class=\"ndm-link-boxes row\">\t\t\t\t\t<div class=\"col-12\">\n\t\t\t\t\t\t<a href=\"https:\/\/tiszakastely.hu\/ro\/expozitia\/expozitie-permanenta\/\" class=\"ndm-link-box d-flex flex-column align-items-center justify-content-center text-center\"\n\t\t\t\t\t\t\t style=\"background-image: url(https:\/\/tiszakastely.hu\/wp-content\/uploads\/2024\/05\/GEL6672_1260-jpg.webp);\"\t\t\t\t\t\t\t>\n\t\t\t\t\t\t\t<h2 class=\"ndm-lb__title text-white mb-0\">Expozi\u021bie permanent\u0103<\/h2>\t\t\t\t\t\t<\/a>\n\t\t\t\t\t<\/div>\n\t\t\t\t<\/div><\/div><\/div><\/div><\/div><\/div><div id=\"pg-1183-4\"  class=\"panel-grid panel-has-style\" ><div class=\"siteorigin-panels-stretch panel-row-style panel-row-style-for-1183-4\" data-stretch-type=\"full\" ><div id=\"pgc-1183-4-0\"  class=\"panel-grid-cell\" ><div id=\"panel-1183-4-0-0\" class=\"so-panel widget widget_ndm-section-title panel-first-child\" data-index=\"8\" ><div\n\t\t\t\n\t\t\tclass=\"so-widget-ndm-section-title so-widget-ndm-section-title-default-d75171398898-1191\"\n\t\t\t\n\t\t><h2 class=\"ndm-big-title text-uppercase text-center mb-3 mb-lg-5\">SERVICII<\/h2><\/div><\/div><div id=\"panel-1183-4-0-1\" class=\"so-panel widget widget_ndm-services panel-last-child\" data-index=\"9\" ><div\n\t\t\t\n\t\t\tclass=\"so-widget-ndm-services so-widget-ndm-services-default-d75171398898-1191\"\n\t\t\t\n\t\t><div class=\"row\">\t\t\t\t\t<div class=\"col-lg-4\">\n\t\t\t\t\t\t<div class=\"ndm-service d-flex align-items-start\">\n\t\t\t\t\t\t\t<img decoding=\"async\" src=\"https:\/\/tiszakastely.hu\/wp-content\/uploads\/2024\/06\/szallas-ikon.png\" alt=\"Sz\u00e1ll\u00e1s ikon\" class=\"ndm-service__icon me-3\">\t\t\t\t\t\t\t<div class=\"ndm-service__content\">\n\t\t\t\t\t\t\t\t<h3 class=\"ndm-service__title mb-2\">Pensiunea Arany J\u00e1nos<\/h3><p class=\"mb-0\">Pensiunea cu dou\u0103 etaje ofer\u0103 vizitatorilor 20 de camere duble la parter, iar la etaj 8 camere triple \u0219i 1 apartament pentru cinci persoane.<\/p>\t\t\t\t\t\t\t<\/div>\n\t\t\t\t\t\t<\/div>\n\t\t\t\t\t<\/div>\n\t\t\t\t\t\t\t\t\t<div class=\"col-lg-4\">\n\t\t\t\t\t\t<div class=\"ndm-service d-flex align-items-start\">\n\t\t\t\t\t\t\t<img decoding=\"async\" src=\"https:\/\/tiszakastely.hu\/wp-content\/uploads\/2024\/06\/etterem-ikon.png\" alt=\"\u00c9tterem ikon\" class=\"ndm-service__icon me-3\">\t\t\t\t\t\t\t<div class=\"ndm-service__content\">\n\t\t\t\t\t\t\t\t<h3 class=\"ndm-service__title mb-2\">Restaurant<\/h3><p class=\"mb-0\">Spa\u021biul central al pensiunii noastre este restaurantul acesteia, unde fuziunea ingredientelor de la produc\u0103torii locali \u0219i talentul unor buc\u0103tari profesioni\u0219ti ofer\u0103 o experien\u021b\u0103 gastronomic\u0103 autentic\u0103.<\/p>\t\t\t\t\t\t\t<\/div>\n\t\t\t\t\t\t<\/div>\n\t\t\t\t\t<\/div>\n\t\t\t\t\t\t\t\t\t<div class=\"col-lg-4\">\n\t\t\t\t\t\t<div class=\"ndm-service d-flex align-items-start\">\n\t\t\t\t\t\t\t<img decoding=\"async\" src=\"https:\/\/tiszakastely.hu\/wp-content\/uploads\/2024\/06\/kavezo-ikon.png\" alt=\"K\u00e1v\u00e9z\u00f3 ikon\" class=\"ndm-service__icon me-3\">\t\t\t\t\t\t\t<div class=\"ndm-service__content\">\n\t\t\t\t\t\t\t\t<h3 class=\"ndm-service__title mb-2\">Cafenea<\/h3><p class=\"mb-0\">\u00cen timpul programului expozi\u021biei permanente, \u00een cafeneaua aflat\u0103 \u00een cl\u0103direa principal\u0103 a castelului, oaspe\u021bii no\u0219tri pot degusta deserturi tradi\u021bionale maghiare realizate dup\u0103 re\u021bete locale, din ingrediente atent selectate.<\/p>\t\t\t\t\t\t\t<\/div>\n\t\t\t\t\t\t<\/div>\n\t\t\t\t\t<\/div>\n\t\t\t\t\t\t\t\t\t<div class=\"col-lg-4\">\n\t\t\t\t\t\t<div class=\"ndm-service d-flex align-items-start\">\n\t\t\t\t\t\t\t<img decoding=\"async\" src=\"https:\/\/tiszakastely.hu\/wp-content\/uploads\/2024\/06\/rendezvenyter-ikon.png\" alt=\"Rendezv\u00e9nyt\u00e9r ikon\" class=\"ndm-service__icon me-3\">\t\t\t\t\t\t\t<div class=\"ndm-service__content\">\n\t\t\t\t\t\t\t\t<h3 class=\"ndm-service__title mb-2\">Spa\u021biu pentru evenimente<\/h3><p class=\"mb-0\">Castelul uneia dintre cele mai importante familii istorice ale \u021b\u0103rii noastre, mo\u0219ia de la Geszt, dispune de o pensiune cu 29 de camere, restaurant, spa\u021bii comunitare, terenuri de sport \u0219i un parc de 19 hectare.<\/p>\t\t\t\t\t\t\t<\/div>\n\t\t\t\t\t\t<\/div>\n\t\t\t\t\t<\/div>\n\t\t\t\t\t\t\t\t\t<div class=\"col-lg-4\">\n\t\t\t\t\t\t<div class=\"ndm-service d-flex align-items-start\">\n\t\t\t\t\t\t\t<img decoding=\"async\" src=\"https:\/\/tiszakastely.hu\/wp-content\/uploads\/2024\/06\/ajandekbolt-ikon.png\" alt=\"Aj\u00e1nd\u00e9kbolt ikon\" class=\"ndm-service__icon me-3\">\t\t\t\t\t\t\t<div class=\"ndm-service__content\">\n\t\t\t\t\t\t\t\t<h3 class=\"ndm-service__title mb-2\">Magazin de cadouri<\/h3><p class=\"mb-0\">Casa Ofi\u021berilor este una dintre cele mai vechi cl\u0103diri \u00een incinta castelului, care \u00een cadrul renov\u0103rii a primit o func\u021bie complet nou\u0103.<\/p>\t\t\t\t\t\t\t<\/div>\n\t\t\t\t\t\t<\/div>\n\t\t\t\t\t<\/div>\n\t\t\t\t\t\t\t\t\t<div class=\"col-lg-4\">\n\t\t\t\t\t\t<div class=\"ndm-service d-flex align-items-start\">\n\t\t\t\t\t\t\t<img decoding=\"async\" src=\"https:\/\/tiszakastely.hu\/wp-content\/uploads\/2024\/06\/muzeumpedagogia-ikon.png\" alt=\"M\u00fazeumpedag\u00f3gia ikon\" class=\"ndm-service__icon me-3\">\t\t\t\t\t\t\t<div class=\"ndm-service__content\">\n\t\t\t\t\t\t\t\t<h3 class=\"ndm-service__title mb-2\">Pedagogie muzeal\u0103<\/h3><p class=\"mb-0\">Castelul Tisza din Geszt ofer\u0103 o varietate de activit\u0103\u021bi de pedagogie muzeal\u0103 pentru elevii de gimnaziu \u0219i de liceu.<\/p>\t\t\t\t\t\t\t<\/div>\n\t\t\t\t\t\t<\/div>\n\t\t\t\t\t<\/div>\n\t\t\t\t<\/div><\/div><\/div><\/div><\/div><\/div><\/div>","protected":false},"excerpt":{"rendered":"<p>Bun venit pe site-ul Castelului Tisza din Geszt. Castelul renovat Tisza este un proiect pilot de&#8230;<\/p>\n","protected":false},"author":2,"featured_media":0,"parent":0,"menu_order":0,"comment_status":"closed","ping_status":"closed","template":"fullwidth.php","meta":{"_acf_changed":false,"footnotes":""},"class_list":["post-1183","page","type-page","status-publish","hentry"],"acf":[],"_links":{"self":[{"href":"https:\/\/tiszakastely.hu\/ro\/wp-json\/wp\/v2\/pages\/1183","targetHints":{"allow":["GET"]}}],"collection":[{"href":"https:\/\/tiszakastely.hu\/ro\/wp-json\/wp\/v2\/pages"}],"about":[{"href":"https:\/\/tiszakastely.hu\/ro\/wp-json\/wp\/v2\/types\/page"}],"author":[{"embeddable":true,"href":"https:\/\/tiszakastely.hu\/ro\/wp-json\/wp\/v2\/users\/2"}],"replies":[{"embeddable":true,"href":"https:\/\/tiszakastely.hu\/ro\/wp-json\/wp\/v2\/comments?post=1183"}],"version-history":[{"count":0,"href":"https:\/\/tiszakastely.hu\/ro\/wp-json\/wp\/v2\/pages\/1183\/revisions"}],"wp:attachment":[{"href":"https:\/\/tiszakastely.hu\/ro\/wp-json\/wp\/v2\/media?parent=1183"}],"curies":[{"name":"wp","href":"https:\/\/api.w.org\/{rel}","templated":true}]}}