{"id":1198,"date":"2024-05-10T16:20:46","date_gmt":"2024-05-10T14:20:46","guid":{"rendered":"https:\/\/tiszakastely.hu\/pentru-vizitatori\/nyitvatartas\/"},"modified":"2026-03-19T12:24:05","modified_gmt":"2026-03-19T11:24:05","slug":"program","status":"publish","type":"page","link":"https:\/\/tiszakastely.hu\/ro\/pentru-vizitatori\/program\/","title":{"rendered":"Program"},"content":{"rendered":"<div id=\"pl-1198\"  class=\"panel-layout\" ><div id=\"pg-1198-0\"  class=\"panel-grid panel-no-style\" ><div id=\"pgc-1198-0-0\"  class=\"panel-grid-cell\" ><div id=\"panel-1198-0-0-0\" class=\"so-panel widget widget_sow-editor panel-first-child panel-last-child\" data-index=\"0\" ><div\n\t\t\t\n\t\t\tclass=\"so-widget-sow-editor so-widget-sow-editor-base\"\n\t\t\t\n\t\t>\n<div class=\"siteorigin-widget-tinymce textwidget\">\n\t<p><strong>CENTRUL DE VIZITARE AL CASTELULUI TISZA<\/strong><br \/>\nMuzeul castelului este deschis \u00een fiecare zi, cu excep\u021bia zilelor de luni.<\/p>\n<p><strong>Program de var\u0103:<\/strong><br \/>\n\u00centre 1 aprilie \u0219i 31 octombrie<br \/>\nMar\u021bi-duminic\u0103 10.00-18.00<br \/>\n\u00cenchis \u00een zilele de luni<\/p>\n<p><strong>Program de iarn\u0103:<\/strong><br \/>\n\u00centre 1 noiembrie \u0219i 31 martie<br \/>\nMar\u021bi-duminic\u0103 9.00-17.00<br \/>\n\u00cenchis \u00een zilele de luni<\/p>\n<p><strong>CAFENEA<\/strong><br \/>\nCafeneaua este deschis\u0103 clien\u021bilor \u00een timpul programului de vizitare a expozi\u021biei.<\/p>\n<p><strong>PARCUL CASTELULUI<\/strong><br \/>\nParcul castelului poate fi vizitat \u00eentre orele 8:00 \u0219i 20:00, cu excep\u021bia zilelor de luni.<\/p>\n<p><strong>PENSIUNEA ARANY J\u00c1NOS<\/strong><br \/>\nRecep\u021bia noastr\u0103 st\u0103 la dispozi\u021bia clien\u021bilor \u00eentre orele 6:00 \u0219i 22:00.<br \/>\nRestaurantul din cadrul pensiunii este deschis \u00eentre orele 11:30 \u0219i 14:00.<br \/>\nClien\u021bii caza\u021bi la hotel pot solicita micul dejun servit \u00een restaurantul nostru \u0219i regim de demipensiune.<\/p>\n<p><strong>CASA MEMORIAL\u0102 ARANY J\u00c1NOS<\/strong><br \/>\nCasa memorial\u0103 poate fi vizitat\u0103 \u00een timpul programului de vizitare a castelului. Casa memorial\u0103 este \u00eenchis\u0103 \u00een zilele de luni.<\/p>\n<p><strong>CRIPT\u0102<\/strong><br \/>\nCripta poate fi vizitat\u0103 \u00een timpul programului de vizitare a expozi\u021biei.<\/p>\n<p><strong>TEREN DE SPORT MULTIFUNC\u021aIONAL<\/strong><br \/>\nTerenul de sport poate fi rezervat \u0219i utilizat pe baz\u0103 de programare.<\/p>\n<\/div>\n<\/div><\/div><\/div><div id=\"pgc-1198-0-1\"  class=\"panel-grid-cell\" ><div id=\"panel-1198-0-1-0\" class=\"so-panel widget widget_ndm-image panel-first-child panel-last-child\" data-index=\"1\" ><div\n\t\t\t\n\t\t\tclass=\"so-widget-ndm-image so-widget-ndm-image-default-d75171398898-1198\"\n\t\t\t\n\t\t><div class=\"ndm-image mb-0\"><img decoding=\"async\" src=\"https:\/\/tiszakastely.hu\/wp-content\/uploads\/2024\/05\/Nyitvatartas-jpg.webp\"title=\"Program\" ><\/div><\/div><\/div><\/div><\/div><\/div>","protected":false},"excerpt":{"rendered":"<p>CENTRUL DE VIZITARE AL CASTELULUI TISZA Muzeul castelului este deschis \u00een fiecare zi, cu excep\u021bia zilelor&#8230;<\/p>\n","protected":false},"author":2,"featured_media":0,"parent":1194,"menu_order":2,"comment_status":"closed","ping_status":"closed","template":"fullwidth.php","meta":{"_acf_changed":false,"footnotes":""},"class_list":["post-1198","page","type-page","status-publish","hentry"],"acf":[],"_links":{"self":[{"href":"https:\/\/tiszakastely.hu\/ro\/wp-json\/wp\/v2\/pages\/1198","targetHints":{"allow":["GET"]}}],"collection":[{"href":"https:\/\/tiszakastely.hu\/ro\/wp-json\/wp\/v2\/pages"}],"about":[{"href":"https:\/\/tiszakastely.hu\/ro\/wp-json\/wp\/v2\/types\/page"}],"author":[{"embeddable":true,"href":"https:\/\/tiszakastely.hu\/ro\/wp-json\/wp\/v2\/users\/2"}],"replies":[{"embeddable":true,"href":"https:\/\/tiszakastely.hu\/ro\/wp-json\/wp\/v2\/comments?post=1198"}],"version-history":[{"count":0,"href":"https:\/\/tiszakastely.hu\/ro\/wp-json\/wp\/v2\/pages\/1198\/revisions"}],"up":[{"embeddable":true,"href":"https:\/\/tiszakastely.hu\/ro\/wp-json\/wp\/v2\/pages\/1194"}],"wp:attachment":[{"href":"https:\/\/tiszakastely.hu\/ro\/wp-json\/wp\/v2\/media?parent=1198"}],"curies":[{"name":"wp","href":"https:\/\/api.w.org\/{rel}","templated":true}]}}