{"id":1201,"date":"2024-05-11T11:42:36","date_gmt":"2024-05-11T09:42:36","guid":{"rendered":"https:\/\/tiszakastely.hu\/pentru-vizitatori\/jegyarak\/"},"modified":"2026-03-19T12:01:49","modified_gmt":"2026-03-19T11:01:49","slug":"preturi-bilete","status":"publish","type":"page","link":"https:\/\/tiszakastely.hu\/ro\/pentru-vizitatori\/preturi-bilete\/","title":{"rendered":"Pre\u021buri bilete"},"content":{"rendered":"<div id=\"pl-1201\"  class=\"panel-layout\" ><div id=\"pg-1201-0\"  class=\"panel-grid panel-no-style\" ><div id=\"pgc-1201-0-0\"  class=\"panel-grid-cell\" ><div id=\"panel-1201-0-0-0\" class=\"so-panel widget widget_ndm-headings panel-first-child\" data-index=\"0\" ><div\n\t\t\t\n\t\t\tclass=\"so-widget-ndm-headings so-widget-ndm-headings-default-d75171398898-1201\"\n\t\t\t\n\t\t><h5 class=\"ndm-heading text-start text-black mb-2\">Biletele cump\u0103rate sunt valabile pentru centrul de vizitare al castelului Tisza, casa memorial\u0103 Arany J\u00e1nos, cripta familiei Tisza \u0219i parcul castelului.<\/h5><\/div><\/div><div id=\"panel-1201-0-0-1\" class=\"so-panel widget widget_sow-editor panel-last-child\" data-index=\"1\" ><div\n\t\t\t\n\t\t\tclass=\"so-widget-sow-editor so-widget-sow-editor-base\"\n\t\t\t\n\t\t>\n<div class=\"siteorigin-widget-tinymce textwidget\">\n\t<p><strong>Pre\u021b bilet \u00eentreg<\/strong>: 3.900 HUF\/persoan\u0103<\/p>\n<p><strong>Pre\u021buri bilete cu reducere:<\/strong> 1.950 HUF\/persoan\u0103<\/p>\n<ul>\n<li>Tineri cu v\u00e2rsta cuprins\u0103 \u00eentre 6-26 de ani (cu prezentarea legitima\u021biei de student)<\/li>\n<li>Vizitatori cu v\u00e2rsta peste 62 de ani (cu prezentarea unui act de identitate cu fotografie)<\/li>\n<li>P\u0103rin\u021bii care \u00eenso\u021besc cel pu\u021bin doi copii sub 18 ani<\/li>\n<\/ul>\n<p><strong>Pre\u021b bilet combinat (Geszt-Szabadk\u00edgy\u00f3s):<\/strong><\/p>\n<ul>\n<li>Adult: 7.000 HUF \/ persoan\u0103<\/li>\n<li>Redus: 3.500 HUF \/ persoan\u0103<\/li>\n<\/ul>\n<p><strong>Expozi\u021bia permanent\u0103 poate fi vizitat\u0103 gratuit cu prezentarea actului de domiciliu de Geszt.<\/strong><\/p>\n<p data-start=\"618\" data-end=\"762\">Oaspe\u021bii Pensiunii Arany J\u00e1nos beneficiaz\u0103 de intrare gratuit\u0103 la expozi\u021bia permanent\u0103 a Castelului Tisza (nu se poate cumula cu alte reduceri).<\/p>\n<p data-start=\"764\" data-end=\"869\"><strong data-start=\"764\" data-end=\"809\">Tur ghidat pentru vizitatori individuali:<\/strong> 1.000 HUF \/ persoan\u0103<br data-start=\"830\" data-end=\"833\" \/>Per persoan\u0103, minim 5 participan\u021bi<\/p>\n<\/div>\n<\/div><\/div><\/div><div id=\"pgc-1201-0-1\"  class=\"panel-grid-cell\" ><div id=\"panel-1201-0-1-0\" class=\"so-panel widget widget_ndm-image panel-first-child panel-last-child\" data-index=\"2\" ><div\n\t\t\t\n\t\t\tclass=\"so-widget-ndm-image so-widget-ndm-image-default-d75171398898-1201\"\n\t\t\t\n\t\t><div class=\"ndm-image mb-3 mb-md-4\"><img decoding=\"async\" src=\"https:\/\/tiszakastely.hu\/wp-content\/uploads\/2024\/05\/GEL4848_sm-jpg.webp\"title=\"Pre\u021buri bilete\" ><\/div><\/div><\/div><\/div><\/div><div id=\"pg-1201-1\"  class=\"panel-grid panel-no-style\" ><div id=\"pgc-1201-1-0\"  class=\"panel-grid-cell\" ><div id=\"panel-1201-1-0-0\" class=\"so-panel widget widget_ndm-image panel-first-child panel-last-child\" data-index=\"3\" ><div\n\t\t\t\n\t\t\tclass=\"so-widget-ndm-image so-widget-ndm-image-default-d75171398898-1201\"\n\t\t\t\n\t\t><div class=\"ndm-image mb-3 mb-md-4\"><img decoding=\"async\" src=\"https:\/\/tiszakastely.hu\/wp-content\/uploads\/2024\/07\/JG_00065-scaled.avif\"title=\"Pre\u021buri bilete\" ><\/div><\/div><\/div><\/div><div id=\"pgc-1201-1-1\"  class=\"panel-grid-cell\" ><div id=\"panel-1201-1-1-0\" class=\"so-panel widget widget_sow-editor panel-first-child panel-last-child\" data-index=\"4\" ><div\n\t\t\t\n\t\t\tclass=\"so-widget-sow-editor so-widget-sow-editor-base\"\n\t\t\t\n\t\t>\n<div class=\"siteorigin-widget-tinymce textwidget\">\n\t<p><strong>Bilet de grup:<\/strong>\u00a0Pute\u021bi ob\u021bine informa\u021bii despre pre\u021burile \u0219i reducerile pentru grupuri la urm\u0103toarea adres\u0103: <a href=\"mailto:rendezveny@nofnkft.hu\">rendezveny@nofnkft.hu<\/a><\/p>\n<p><strong>Taxa ghidului turistic pentru grup \u00een limba maghiar\u0103:<\/strong> 15.000 HUF\/grup<br \/>\nReducerea pentru grup este valabil\u0103 pentru cei care se \u00eenscriu \u00een prealabil, pentru cel pu\u021bin 15 persoane<\/p>\n<p><strong>Taxa ghidului turistic pentru grup \u00een limba englez\u0103:<\/strong> 25.000 HUF\/grup<br \/>\nReducerea pentru grup este valabil\u0103 pentru cei care se \u00eenscriu \u00een prealabil, pentru cel pu\u021bin 15 persoane<\/p>\n<p><strong>INTRARE GRATUIT\u0102 PENTRU*<\/strong><\/p>\n<ul>\n<li>Copiii sub 6 ani<\/li>\n<li>Vizitatori cu v\u00e2rsta peste 70 de ani<\/li>\n<li>Persoan\u0103 cu handicap \u0219i 1 \u00eenso\u021bitor al acesteia<\/li>\n<li>Cadre didactice care lucreaz\u0103 \u00een \u00eenv\u0103\u021b\u0103m\u00e2ntul de stat (cu prezentarea legitima\u021biei de profesor valabile)<\/li>\n<\/ul>\n<p>V\u0103 rug\u0103m s\u0103 prezenta\u021bi actul necesar pentru acordarea reducerii \u00een momentul cump\u0103r\u0103rii biletului!<\/p>\n<\/div>\n<\/div><\/div><\/div><\/div><div id=\"pg-1201-2\"  class=\"panel-grid panel-no-style\" ><div id=\"pgc-1201-2-0\"  class=\"panel-grid-cell\" ><div id=\"panel-1201-2-0-0\" class=\"so-panel widget widget_sow-editor panel-first-child panel-last-child\" data-index=\"5\" ><div\n\t\t\t\n\t\t\tclass=\"so-widget-sow-editor so-widget-sow-editor-base\"\n\t\t\t\n\t\t>\n<div class=\"siteorigin-widget-tinymce textwidget\">\n\t<p><strong>DESCOPERI\u021aI LOCURILE NOASTRE CU REDUCERI PRIN CARDUL DE CASTEL!<\/strong><\/p>\n<p>\u00cen momentul cump\u0103r\u0103rii biletului, solicita\u021bi un card de castel gratuit, care v\u0103 permite s\u0103 vizita\u021bi multe alte cl\u0103diri istorice din toat\u0103 \u021bara la pre\u021buri reduse!<\/p>\n<p>Mai multe informa\u021bii pe pagina de internet a N\u00d6F Nkft.:\u00a0<a href=\"https:\/\/nof.hu\/hu\/kastelykartya\/\" rel=\"nofollow noopener\" target=\"_blank\">https:\/\/nof.hu\/hu\/kastelykartya\/<\/a><\/p>\n<p><em>Ne rezerv\u0103m dreptul de a modifica pre\u021burile \u00een timpul anului \u0219i pre\u021burile de bilete indicate pentru evenimentele tematice!<\/em><\/p>\n<p><strong>V\u0103 rug\u0103m s\u0103 re\u021bine\u021bi <\/strong>c\u0103 pot beneficia de accesul gratuit pentru jurnali\u0219ti de cei care s-au \u00eenscris \u00een prealabil \u0219i au primit permisiunea de a realiza un interviu sau de a filma.<\/p>\n<\/div>\n<\/div><\/div><\/div><div id=\"pgc-1201-2-1\"  class=\"panel-grid-cell\" ><div id=\"panel-1201-2-1-0\" class=\"so-panel widget widget_ndm-image panel-first-child panel-last-child\" data-index=\"6\" ><div\n\t\t\t\n\t\t\tclass=\"so-widget-ndm-image so-widget-ndm-image-default-d75171398898-1201\"\n\t\t\t\n\t\t><div class=\"ndm-image mb-3 mb-md-4\"><img decoding=\"async\" src=\"https:\/\/tiszakastely.hu\/wp-content\/uploads\/2024\/05\/kastelykartya-800.png\"title=\"Pre\u021buri bilete\" ><\/div><\/div><\/div><\/div><\/div><div id=\"pg-1201-3\"  class=\"panel-grid panel-no-style\" ><div id=\"pgc-1201-3-0\"  class=\"panel-grid-cell\" ><div id=\"panel-1201-3-0-0\" class=\"so-panel widget widget_sow-editor panel-first-child panel-last-child\" data-index=\"7\" ><div\n\t\t\t\n\t\t\tclass=\"so-widget-sow-editor so-widget-sow-editor-base\"\n\t\t\t\n\t\t>\n<div class=\"siteorigin-widget-tinymce textwidget\">\n\t<p><em>* \u00cen alte cazuri men\u021bionate \u00een legisla\u021bia \u00een vigoare: Ordonan\u021ba de guvern 194\/2000 (XI. 24.) privind reducerile pentru vizitatorii institu\u021biilor muzeale \u2013 Baza legilor \u00een vigoare (jogtar.hu).\u00a0Reducerile pot fi folosite de cet\u0103\u021benii statelor membre SEE.<\/em><\/p>\n<\/div>\n<\/div><\/div><\/div><\/div><\/div>","protected":false},"excerpt":{"rendered":"<p>Pre\u021b bilet \u00eentreg: 3.900 HUF\/persoan\u0103 Pre\u021buri bilete cu reducere: 1.950 HUF\/persoan\u0103 Tineri cu v\u00e2rsta cuprins\u0103 \u00eentre&#8230;<\/p>\n","protected":false},"author":2,"featured_media":0,"parent":1194,"menu_order":4,"comment_status":"closed","ping_status":"closed","template":"fullwidth.php","meta":{"_acf_changed":false,"footnotes":""},"class_list":["post-1201","page","type-page","status-publish","hentry"],"acf":[],"_links":{"self":[{"href":"https:\/\/tiszakastely.hu\/ro\/wp-json\/wp\/v2\/pages\/1201","targetHints":{"allow":["GET"]}}],"collection":[{"href":"https:\/\/tiszakastely.hu\/ro\/wp-json\/wp\/v2\/pages"}],"about":[{"href":"https:\/\/tiszakastely.hu\/ro\/wp-json\/wp\/v2\/types\/page"}],"author":[{"embeddable":true,"href":"https:\/\/tiszakastely.hu\/ro\/wp-json\/wp\/v2\/users\/2"}],"replies":[{"embeddable":true,"href":"https:\/\/tiszakastely.hu\/ro\/wp-json\/wp\/v2\/comments?post=1201"}],"version-history":[{"count":0,"href":"https:\/\/tiszakastely.hu\/ro\/wp-json\/wp\/v2\/pages\/1201\/revisions"}],"up":[{"embeddable":true,"href":"https:\/\/tiszakastely.hu\/ro\/wp-json\/wp\/v2\/pages\/1194"}],"wp:attachment":[{"href":"https:\/\/tiszakastely.hu\/ro\/wp-json\/wp\/v2\/media?parent=1201"}],"curies":[{"name":"wp","href":"https:\/\/api.w.org\/{rel}","templated":true}]}}