{"id":1208,"date":"2024-05-16T12:53:52","date_gmt":"2024-05-16T10:53:52","guid":{"rendered":"https:\/\/tiszakastely.hu\/pentru-vizitatori\/tarlatvezetes-muzeumpedagogia\/"},"modified":"2026-03-19T12:27:32","modified_gmt":"2026-03-19T11:27:32","slug":"ghid-de-expozitie-pedagogie-muzeala","status":"publish","type":"page","link":"https:\/\/tiszakastely.hu\/ro\/pentru-vizitatori\/ghid-de-expozitie-pedagogie-muzeala\/","title":{"rendered":"Ghid de expozi\u021bie, pedagogie muzeal\u0103"},"content":{"rendered":"<div id=\"pl-1208\"  class=\"panel-layout\" ><div id=\"pg-1208-0\"  class=\"panel-grid panel-no-style\" ><div id=\"pgc-1208-0-0\"  class=\"panel-grid-cell\" ><div id=\"panel-1208-0-0-0\" class=\"so-panel widget widget_sow-editor panel-first-child panel-last-child\" data-index=\"0\" ><div\n\t\t\t\n\t\t\tclass=\"so-widget-sow-editor so-widget-sow-editor-base\"\n\t\t\t\n\t\t>\n<div class=\"siteorigin-widget-tinymce textwidget\">\n\t<p>Ghizii no\u0219tri de expozi\u021bie califica\u021bi \u0219i pedagogii muzeali v\u0103 asist\u0103 \u00een prezentarea Castelului Tisza, ajut\u00e2ndu-v\u0103 s\u0103 cunoa\u0219te\u021bi istoria autentic\u0103 a exponatelor expozi\u021biei permanente \u0219i s\u0103 v\u0103 \u00eensu\u0219i\u021bi informa\u021biile educa\u021bionale \u0219i datele informative care ruleaz\u0103 pe dispozitivele interactive.<\/p>\n<p><strong>SERVICII DISPONIBILE PENTRU VIZITATORI INDIVIDUALI:<\/strong><\/p>\n<p>Expozi\u021bia poate fi vizitat\u0103 \u00een cadrul unui tur ghidat sau independent.<\/p>\n<p><strong>SERVICII DISPONIBILE PENTRU VIZITATORII \u00ceN GRUP:<\/strong><\/p>\n<p>Pentru tururile ghidate pentru grupuri de peste 15 persoane, este necesar\u0103 o programare prealabil\u0103 la adresa de e-mail <a href=\"mailto:info@tiszakastely.hu\">info@tiszakastely.hu<\/a><u>.<\/u><\/p>\n<p>Durata tururilor ghidate este de 90 de minute.<\/p>\n<p>La expozi\u021biile noastre, prelegeri pot fi sus\u021binute numai de ghizii de expozi\u021bie califica\u021bi ai muzeului nostru \u0219i de ghizii autoriza\u021bi de conduc\u0103torul amplasamentului. R\u0103spunderea pentru respectarea regulamentului de c\u0103tre fiecare membru al grupului \u00eei revine conduc\u0103torului grupului, profesorului \u00eenso\u021bitor sau p\u0103rintelui, respectiv ghidului extern de\u021bin\u0103tor de permisiunea special\u0103!<\/p>\n<p>Participarea la activit\u0103\u021bile de pedagogie muzeal\u0103 este posibil\u0103 doar pe baz\u0103 de programare. \u00censcrieri:\u00a0<a href=\"mailto:muzeumpedagogia@nofnkft.hu\">muzeumpedagogia@nofnkft.hu<\/a><\/p>\n<p>Taxa activit\u0103\u021bii de pedagogie muzeal\u0103: 1.500 HUF\/elev<\/p>\n<\/div>\n<\/div><\/div><\/div><\/div><div id=\"pg-1208-1\"  class=\"panel-grid panel-no-style\" ><div id=\"pgc-1208-1-0\"  class=\"panel-grid-cell\" ><div id=\"panel-1208-1-0-0\" class=\"so-panel widget widget_ndm-image panel-first-child panel-last-child\" data-index=\"1\" ><div\n\t\t\t\n\t\t\tclass=\"so-widget-ndm-image so-widget-ndm-image-default-d75171398898-1208\"\n\t\t\t\n\t\t><div class=\"ndm-image mb-0\"><img decoding=\"async\" src=\"https:\/\/tiszakastely.hu\/wp-content\/uploads\/2024\/07\/GEL6955_eredmeny-jpg.avif\"title=\"Ghid de expozi\u021bie, pedagogie muzeal\u0103\" ><\/div><\/div><\/div><\/div><\/div><\/div>","protected":false},"excerpt":{"rendered":"<p>Ghizii no\u0219tri de expozi\u021bie califica\u021bi \u0219i pedagogii muzeali v\u0103 asist\u0103 \u00een prezentarea Castelului Tisza, ajut\u00e2ndu-v\u0103 s\u0103&#8230;<\/p>\n","protected":false},"author":2,"featured_media":0,"parent":1194,"menu_order":7,"comment_status":"closed","ping_status":"closed","template":"fullwidth.php","meta":{"_acf_changed":false,"footnotes":""},"class_list":["post-1208","page","type-page","status-publish","hentry"],"acf":[],"_links":{"self":[{"href":"https:\/\/tiszakastely.hu\/ro\/wp-json\/wp\/v2\/pages\/1208","targetHints":{"allow":["GET"]}}],"collection":[{"href":"https:\/\/tiszakastely.hu\/ro\/wp-json\/wp\/v2\/pages"}],"about":[{"href":"https:\/\/tiszakastely.hu\/ro\/wp-json\/wp\/v2\/types\/page"}],"author":[{"embeddable":true,"href":"https:\/\/tiszakastely.hu\/ro\/wp-json\/wp\/v2\/users\/2"}],"replies":[{"embeddable":true,"href":"https:\/\/tiszakastely.hu\/ro\/wp-json\/wp\/v2\/comments?post=1208"}],"version-history":[{"count":0,"href":"https:\/\/tiszakastely.hu\/ro\/wp-json\/wp\/v2\/pages\/1208\/revisions"}],"up":[{"embeddable":true,"href":"https:\/\/tiszakastely.hu\/ro\/wp-json\/wp\/v2\/pages\/1194"}],"wp:attachment":[{"href":"https:\/\/tiszakastely.hu\/ro\/wp-json\/wp\/v2\/media?parent=1208"}],"curies":[{"name":"wp","href":"https:\/\/api.w.org\/{rel}","templated":true}]}}