{"id":1218,"date":"2024-05-21T13:00:14","date_gmt":"2024-05-21T11:00:14","guid":{"rendered":"https:\/\/tiszakastely.hu\/istoric\/tisza-kripta\/"},"modified":"2024-08-28T08:58:12","modified_gmt":"2024-08-28T06:58:12","slug":"cripta-tisza","status":"publish","type":"page","link":"https:\/\/tiszakastely.hu\/ro\/istoric\/cripta-tisza\/","title":{"rendered":"Cripta Tisza"},"content":{"rendered":"<div id=\"pl-1218\"  class=\"panel-layout\" ><div id=\"pg-1218-0\"  class=\"panel-grid panel-no-style\" ><div id=\"pgc-1218-0-0\"  class=\"panel-grid-cell\" ><div id=\"panel-1218-0-0-0\" class=\"so-panel widget widget_ndm-headings panel-first-child\" data-index=\"0\" ><div\n\t\t\t\n\t\t\tclass=\"so-widget-ndm-headings so-widget-ndm-headings-default-d75171398898-1218\"\n\t\t\t\n\t\t><h2 class=\"ndm-heading text-start text-black mb-2\">Cripta familiei Tisza<\/h2><\/div><\/div><div id=\"panel-1218-0-0-1\" class=\"so-panel widget widget_sow-editor panel-last-child\" data-index=\"1\" ><div\n\t\t\t\n\t\t\tclass=\"so-widget-sow-editor so-widget-sow-editor-base\"\n\t\t\t\n\t\t>\n<div class=\"siteorigin-widget-tinymce textwidget\">\n\t<p>Distan\u021ba de la castel la cript\u0103 poate fi parcurs\u0103 pe jos \u00een c\u00e2teva minute. Se \u0219tie despre L\u00e1szl\u00f3 I. Tisza, cel care a redob\u00e2ndit mo\u0219ia, c\u0103 \u00een primii ani \u00een Geszt nu \u0219i-a propus s\u0103-\u0219i construiasc\u0103 o re\u0219edin\u021b\u0103 spectaculoas\u0103. Poate c\u0103 a sim\u021bit c\u0103 se apropie sf\u00e2r\u0219itul timpuriu al vie\u021bii sale, pentru c\u0103 pe l\u00e2ng\u0103 asigurarea stabilit\u0103\u021bii financiare viitoare a familiei sale \u0219i sprijinirea preocup\u0103rilor bisericii sale, una dintre primele sale cheltuieli majore a fost construc\u021bia criptei familiale \u00een care a ajuns s\u0103 fie \u00eengropat cur\u00e2nd. Potrivit cronicii Fekete Geszti Kr\u00f3nika, cl\u0103direa a fost ridicat\u0103 \u00eentre anii 1764-1769, \u00een noul cimitir.<\/p>\n<p>Construc\u021bia \u00een forma sa cunoscut\u0103 \u00een prezent, care poate fi vizitat\u0103, a fost ridicat\u0103 \u00een 1902. Dup\u0103 aceast\u0103 dat\u0103, r\u0103m\u0103\u0219i\u021bele p\u0103m\u00e2nte\u0219ti ale membrilor familiei deceda\u021bi \u00een locuri \u00eendep\u0103rtate au fost aduse \u0219i ele la cripta din Geszt. \u00cen prezent, treizeci \u0219i trei de persoane se odihnesc \u00een cript\u0103, inclusiv mai marii istoriei Ungariei: Prim-ministrul K\u00e1lm\u00e1n Tisza, contele Lajos III. Tisza de Szeged \u0219i prim-ministrul conte Istv\u00e1n IV. Tisza. \u00centr-un mediu solemn care reflect\u0103 \u0219i importan\u021ba familiei, sunt amplasate \u0219i sicriele doamnelor din familia Tisza, printre care contesele Katalin Teleki, J\u00falia Teleki \u0219i Ilona Degenfeld-Schomburg, precum \u0219i Ot\u00edlia Holles, Jol\u00e1n S\u00e1ndor, so\u021bia lui Istv\u00e1n Tisza jr., contesa Erzs\u00e9bet Keglevich, Vilhelmina Tisza (so\u021bia baronului P\u00e1l Lusenszky).<\/p>\n<p>Printre copiii Tisz\u00e1k, reg\u0103sim destul de multe speran\u021be promi\u021b\u0103toare care s-au stins prematur, talente remarcabile precum poetul Domokos sau J\u00f3zsef Tisza din secolul al XX-lea. Datorit\u0103 mortalit\u0103\u021bii ridicate a copiilor \u00een trecut, doar dintre copiii lui L\u00e1szl\u00f3 Tisza \u0219i Katalin Teleki au fost \u00eenmorm\u00e2nta\u021bi aici J\u00f3zsef, K\u00e1roly, Ferenc \u0219i Emilia, precum \u0219i copiii mici ai lui Lajos Tisza \u0219i J\u00falia Teleki, Lajos, L\u00e1szl\u00f3 \u0219i B\u00e9la, \u00eentr-un sicriu comun din 1877. Prim-ministrul Istv\u00e1n Tisza a scris urm\u0103toarele r\u00e2nduri \u00een Biblia familiei la moartea Julisk\u0103i Tisza: \u201e<em>\u00cen 13 septembrie 1889 s-a n\u0103scut feti\u021ba noastr\u0103, botezat\u0103 cu numele <u>Juli\u00e1nna<\/u> Paulina, pe care Bunul Dumnezeu a luat-o la El la 1 ianuarie 1894\u201d. Potrivit testamentului s\u0103u, aici a fost \u00eenmorm\u00e2ntat \u0219i K\u00e1lm\u00e1n Tisza Lajos, care a murit \u00een Argentina \u00een 1974.<\/em><\/p>\n<\/div>\n<\/div><\/div><\/div><\/div><div id=\"pg-1218-1\"  class=\"panel-grid panel-no-style\" ><div id=\"pgc-1218-1-0\"  class=\"panel-grid-cell\" ><div id=\"panel-1218-1-0-0\" class=\"so-panel widget widget_ndm-image panel-first-child panel-last-child\" data-index=\"2\" ><div\n\t\t\t\n\t\t\tclass=\"so-widget-ndm-image so-widget-ndm-image-default-d75171398898-1218\"\n\t\t\t\n\t\t><div class=\"ndm-image mb-0\"><img decoding=\"async\" src=\"https:\/\/tiszakastely.hu\/wp-content\/uploads\/2024\/07\/20240605DSC_3373_eredmeny-jpg.avif\"title=\"Cripta Tisza\" ><\/div><\/div><\/div><\/div><\/div><\/div>","protected":false},"excerpt":{"rendered":"<p>Distan\u021ba de la castel la cript\u0103 poate fi parcurs\u0103 pe jos \u00een c\u00e2teva minute. Se \u0219tie&#8230;<\/p>\n","protected":false},"author":2,"featured_media":0,"parent":1215,"menu_order":3,"comment_status":"closed","ping_status":"closed","template":"fullwidth.php","meta":{"_acf_changed":false,"footnotes":""},"class_list":["post-1218","page","type-page","status-publish","hentry"],"acf":[],"_links":{"self":[{"href":"https:\/\/tiszakastely.hu\/ro\/wp-json\/wp\/v2\/pages\/1218","targetHints":{"allow":["GET"]}}],"collection":[{"href":"https:\/\/tiszakastely.hu\/ro\/wp-json\/wp\/v2\/pages"}],"about":[{"href":"https:\/\/tiszakastely.hu\/ro\/wp-json\/wp\/v2\/types\/page"}],"author":[{"embeddable":true,"href":"https:\/\/tiszakastely.hu\/ro\/wp-json\/wp\/v2\/users\/2"}],"replies":[{"embeddable":true,"href":"https:\/\/tiszakastely.hu\/ro\/wp-json\/wp\/v2\/comments?post=1218"}],"version-history":[{"count":0,"href":"https:\/\/tiszakastely.hu\/ro\/wp-json\/wp\/v2\/pages\/1218\/revisions"}],"up":[{"embeddable":true,"href":"https:\/\/tiszakastely.hu\/ro\/wp-json\/wp\/v2\/pages\/1215"}],"wp:attachment":[{"href":"https:\/\/tiszakastely.hu\/ro\/wp-json\/wp\/v2\/media?parent=1218"}],"curies":[{"name":"wp","href":"https:\/\/api.w.org\/{rel}","templated":true}]}}