{"id":1235,"date":"2024-05-21T09:45:49","date_gmt":"2024-05-21T07:45:49","guid":{"rendered":"https:\/\/tiszakastely.hu\/cazare\/vendeghaz\/"},"modified":"2024-12-10T14:47:22","modified_gmt":"2024-12-10T13:47:22","slug":"pensiune","status":"publish","type":"page","link":"https:\/\/tiszakastely.hu\/ro\/cazare\/pensiune\/","title":{"rendered":"Pensiune"},"content":{"rendered":"<div id=\"pl-1235\"  class=\"panel-layout\" ><div id=\"pg-1235-0\"  class=\"panel-grid panel-no-style\" ><div id=\"pgc-1235-0-0\"  class=\"panel-grid-cell\" ><div id=\"panel-1235-0-0-0\" class=\"so-panel widget widget_ndm-btn panel-first-child\" data-index=\"0\" ><div\n\t\t\t\n\t\t\tclass=\"so-widget-ndm-btn so-widget-ndm-btn-default-d75171398898-1235\"\n\t\t\t\n\t\t><div class=\"ndm-btn text-start  mb-3 mb-lg-4\"><a href=\"https:\/\/ibe.sabeeapp.com\/properties\/Arany-J%C3%A1nos-Vend%C3%A9gh%C3%A1z-foglal%C3%A1s\/?p=bSp3ba70c1b885aff80&amp;checkin=2024-12-10&amp;checkout=2024-12-11\" class=\"btn btn-primary\" rel=\"nofollow noopener\" target=\"_blank\">Rezervare<\/a><\/div><\/div><\/div><div id=\"panel-1235-0-0-1\" class=\"so-panel widget widget_ndm-headings\" data-index=\"1\" ><div\n\t\t\t\n\t\t\tclass=\"so-widget-ndm-headings so-widget-ndm-headings-default-d75171398898-1235\"\n\t\t\t\n\t\t><h2 class=\"ndm-heading text-start text-purple mb-2\">Pensiunea Arany J\u00e1nos<\/h2><\/div><\/div><div id=\"panel-1235-0-0-2\" class=\"so-panel widget widget_sow-editor panel-last-child\" data-index=\"2\" ><div\n\t\t\t\n\t\t\tclass=\"so-widget-sow-editor so-widget-sow-editor-base\"\n\t\t\t\n\t\t>\n<div class=\"siteorigin-widget-tinymce textwidget\">\n\t<p>L\u00e2ng\u0103 minunatul Castel Tisza a fost construit\u0103 Pensiunea Arany J\u00e1nos, al c\u0103rui stil arhitectural reune\u0219te liniile simple \u0219i clare cu mediul istoric tradi\u021bional. Cl\u0103direa nou construit\u0103, cu 29 de camere, este situat\u0103 la marginea gr\u0103dinii castelului \u0219i parcului castelului. Cl\u0103direa este conectat\u0103 la cl\u0103direa principal\u0103 a castelului printr-un coridor de sticl\u0103.<\/p>\n<p>Pensiunea este un veritabil spa\u021biu comunitar, \u00een care a\u0219tept\u0103m cu drag familiile, comunit\u0103\u021bile biserice\u0219ti, grupurile de studiu \u0219i de prieteni, pentru c\u0103 \u00eempreun\u0103 experien\u021ba Tisza la Geszt va fi \u0219i mai deosebit\u0103.<\/p>\n<p>Pensiunea cu dou\u0103 etaje ofer\u0103 vizitatorilor 20 de camere duble la parter, iar la etaj 8 camere triple \u0219i 1 apartament pentru cinci persoane. Mobilierul camerelor asigur\u0103 o atmosfer\u0103 minimalist\u0103 lini\u0219titoare, fiind locul ideal pentru cei doritori de izolare \u0219i repaus, acesta fiind \u0219i motivul pentru care nu am amplasat televizoare \u00een camere.<\/p>\n<p>Mobilierul modern \u0219i paturile confortabile asigur\u0103 relaxarea nocturn\u0103, iar prin ferestre poate fi admirat peisajul idilic al gr\u0103dinii \u0219i al parcului castelului.<\/p>\n<p>La cerere, putem oferi \u0219i mic dejun \u0219i regim demipensiune pentru oaspe\u021bii hotelului. Oaspe\u021bii no\u0219tri sosi\u021bi \u00een vizit\u0103 \u00ee\u0219i pot relata experien\u021bele comune din castel \u00een restaurant, la un pr\u00e2nz delicios preparat din ingrediente locale.<\/p>\n<p>Spa\u021biile comunitare ale lui Pensiunii Arany J\u00e1nos sunt locurile ideale pentru activit\u0103\u021bile \u00een grupuri restr\u00e2nse \u0219i conversa\u021bii private, oferind experien\u021be de neuitat celor prezen\u021bi.<\/p>\n<p>Recep\u021bia noastr\u0103 este deschis\u0103 de la 6:00 la 22:00, iar pe timp de noapte, serviciul de poart\u0103 este disponibil la num\u0103rul de telefon +36 30 084 5519.<\/p>\n<p>Mai multe informa\u021bii \u0219i rezerv\u0103ri la adresa de e-mail <a href=\"mailto:szallas@tiszakastely.hu\">szallas@tiszakastely.hu<\/a>.<\/p>\n<\/div>\n<\/div><\/div><\/div><\/div><div id=\"pg-1235-1\"  class=\"panel-grid panel-no-style\" ><div id=\"pgc-1235-1-0\"  class=\"panel-grid-cell\" ><div id=\"panel-1235-1-0-0\" class=\"so-panel widget widget_ndm-image panel-first-child panel-last-child\" data-index=\"3\" ><div\n\t\t\t\n\t\t\tclass=\"so-widget-ndm-image so-widget-ndm-image-default-d75171398898-1235\"\n\t\t\t\n\t\t><div class=\"ndm-image mb-3\"><img decoding=\"async\" src=\"https:\/\/tiszakastely.hu\/wp-content\/uploads\/2024\/05\/GEL6576_1260-jpg.webp\"title=\"Pensiune\" ><\/div><\/div><\/div><\/div><\/div><div id=\"pg-1235-2\"  class=\"panel-grid panel-no-style\" ><div id=\"pgc-1235-2-0\"  class=\"panel-grid-cell\" ><div id=\"panel-1235-2-0-0\" class=\"so-panel widget widget_ndm-headings panel-first-child\" data-index=\"4\" ><div\n\t\t\t\n\t\t\tclass=\"so-widget-ndm-headings so-widget-ndm-headings-default-d75171398898-1235\"\n\t\t\t\n\t\t><h2 class=\"ndm-heading text-start text-purple mb-2\">Restaurant<\/h2><\/div><\/div><div id=\"panel-1235-2-0-1\" class=\"so-panel widget widget_sow-editor panel-last-child\" data-index=\"5\" ><div\n\t\t\t\n\t\t\tclass=\"so-widget-sow-editor so-widget-sow-editor-base\"\n\t\t\t\n\t\t>\n<div class=\"siteorigin-widget-tinymce textwidget\">\n\t<p>Un spa\u021biu marcant al Pensiunii Arany J\u00e1nos este restaurantul acesteia, unde fuziunea ingredientelor de la produc\u0103torii locali \u0219i talentul unor buc\u0103tari renumi\u021bi ofer\u0103 o experien\u021b\u0103 gastronomic\u0103 autentic\u0103. Oaspe\u021bii no\u0219tri se pot bucura de preparatele de cas\u0103 ale buc\u0103tarilor no\u0219tri excelen\u021bi, \u00een timp ce admir\u0103 priveli\u0219tea uimitoare a castelului.<\/p>\n<p>Pentru o experien\u021b\u0103 comunitar\u0103 veritabil\u0103, oaspe\u021bii restaurantului nostru se pot a\u0219eza la mese drepte lungi. Acest mod de g\u0103zduire s-a \u00eenscris \u00een tradi\u021biile familiei Tisza, \u00een care, pentru pe l\u00e2ng\u0103 cei din familie \u0219i invita\u021bii acestora, a fost pus\u0103 masa \u0219i pentru vizitatori.<\/p>\n<p>Restaurantul nostru este un spa\u021biu excelent de catering pentru evenimentele desf\u0103\u0219urate \u00een sala de evenimente a Castelului Tisza, care asigur\u0103 servicii de restaurant pentru evenimente de firm\u0103 \u0219i private, nun\u021bi, team building, mini-conferin\u021be, cursuri de specializare sau chiar recep\u021bii.<\/p>\n<\/div>\n<\/div><\/div><\/div><\/div><\/div>","protected":false},"excerpt":{"rendered":"<p>L\u00e2ng\u0103 minunatul Castel Tisza a fost construit\u0103 Pensiunea Arany J\u00e1nos, al c\u0103rui stil arhitectural reune\u0219te liniile&#8230;<\/p>\n","protected":false},"author":2,"featured_media":0,"parent":1234,"menu_order":12,"comment_status":"closed","ping_status":"closed","template":"fullwidth.php","meta":{"_acf_changed":false,"footnotes":""},"class_list":["post-1235","page","type-page","status-publish","hentry"],"acf":[],"_links":{"self":[{"href":"https:\/\/tiszakastely.hu\/ro\/wp-json\/wp\/v2\/pages\/1235","targetHints":{"allow":["GET"]}}],"collection":[{"href":"https:\/\/tiszakastely.hu\/ro\/wp-json\/wp\/v2\/pages"}],"about":[{"href":"https:\/\/tiszakastely.hu\/ro\/wp-json\/wp\/v2\/types\/page"}],"author":[{"embeddable":true,"href":"https:\/\/tiszakastely.hu\/ro\/wp-json\/wp\/v2\/users\/2"}],"replies":[{"embeddable":true,"href":"https:\/\/tiszakastely.hu\/ro\/wp-json\/wp\/v2\/comments?post=1235"}],"version-history":[{"count":0,"href":"https:\/\/tiszakastely.hu\/ro\/wp-json\/wp\/v2\/pages\/1235\/revisions"}],"up":[{"embeddable":true,"href":"https:\/\/tiszakastely.hu\/ro\/wp-json\/wp\/v2\/pages\/1234"}],"wp:attachment":[{"href":"https:\/\/tiszakastely.hu\/ro\/wp-json\/wp\/v2\/media?parent=1235"}],"curies":[{"name":"wp","href":"https:\/\/api.w.org\/{rel}","templated":true}]}}