{"id":1240,"date":"2024-05-21T09:58:09","date_gmt":"2024-05-21T07:58:09","guid":{"rendered":"https:\/\/tiszakastely.hu\/szolgaltatasok\/"},"modified":"2024-08-28T09:30:15","modified_gmt":"2024-08-28T07:30:15","slug":"servicii","status":"publish","type":"page","link":"https:\/\/tiszakastely.hu\/ro\/servicii\/","title":{"rendered":"Servicii"},"content":{"rendered":"<div id=\"pl-1240\"  class=\"panel-layout\" ><div id=\"pg-1240-0\"  class=\"panel-grid panel-has-style\" ><div class=\"siteorigin-panels-stretch panel-row-style panel-row-style-for-1240-0\" data-stretch-type=\"full\" ><div id=\"pgc-1240-0-0\"  class=\"panel-grid-cell\" ><div id=\"panel-1240-0-0-0\" class=\"so-panel widget widget_ndm-services panel-first-child panel-last-child\" data-index=\"0\" ><div\n\t\t\t\n\t\t\tclass=\"so-widget-ndm-services so-widget-ndm-services-default-d75171398898-1240\"\n\t\t\t\n\t\t><div class=\"row\">\t\t\t\t\t<div class=\"col-lg-4\">\n\t\t\t\t\t\t<div class=\"ndm-service d-flex align-items-start\">\n\t\t\t\t\t\t\t<img decoding=\"async\" src=\"https:\/\/tiszakastely.hu\/wp-content\/uploads\/2024\/05\/szallas-ikon.png\" class=\"ndm-service__icon me-3\">\t\t\t\t\t\t\t<div class=\"ndm-service__content\">\n\t\t\t\t\t\t\t\t<h3 class=\"ndm-service__title mb-2\">Cazare<\/h3><p class=\"mb-0\">L\u00e2ng\u0103 minunatul Castel Tisza a fost construit\u0103 Pensiunea Arany J\u00e1nos, al c\u0103rui stil arhitectural reune\u0219te liniile simple \u0219i clare cu mediul istoric tradi\u021bional.<\/p>\t\t\t\t\t\t\t<\/div>\n\t\t\t\t\t\t<\/div>\n\t\t\t\t\t<\/div>\n\t\t\t\t\t\t\t\t\t<div class=\"col-lg-4\">\n\t\t\t\t\t\t<div class=\"ndm-service d-flex align-items-start\">\n\t\t\t\t\t\t\t<img decoding=\"async\" src=\"https:\/\/tiszakastely.hu\/wp-content\/uploads\/2024\/05\/etterem-ikon.png\" class=\"ndm-service__icon me-3\">\t\t\t\t\t\t\t<div class=\"ndm-service__content\">\n\t\t\t\t\t\t\t\t<h3 class=\"ndm-service__title mb-2\">Restaurant<\/h3><p class=\"mb-0\">Spa\u021biul central al pensiunii noastre este restaurantul. Oaspe\u021bii no\u0219tri se pot bucura de preparatele de cas\u0103 ale buc\u0103tarilor no\u0219tri excelen\u021bi, \u00een timp ce admir\u0103 priveli\u0219tea uimitoare a castelului.<\/p>\t\t\t\t\t\t\t<\/div>\n\t\t\t\t\t\t<\/div>\n\t\t\t\t\t<\/div>\n\t\t\t\t\t\t\t\t\t<div class=\"col-lg-4\">\n\t\t\t\t\t\t<div class=\"ndm-service d-flex align-items-start\">\n\t\t\t\t\t\t\t<img decoding=\"async\" src=\"https:\/\/tiszakastely.hu\/wp-content\/uploads\/2024\/05\/kavezo-ikon.png\" class=\"ndm-service__icon me-3\">\t\t\t\t\t\t\t<div class=\"ndm-service__content\">\n\t\t\t\t\t\t\t\t<h3 class=\"ndm-service__title mb-2\">Cafenea<\/h3><p class=\"mb-0\">\u00cen timpul programului expozi\u021biei permanente, \u00een cafeneaua aflat\u0103 \u00een cl\u0103direa principal\u0103 a castelului, oaspe\u021bii no\u0219tri pot degusta deserturi tradi\u021bionale maghiare realizate dup\u0103 re\u021bete locale, din ingrediente atent selectate. <\/p>\t\t\t\t\t\t\t<\/div>\n\t\t\t\t\t\t<\/div>\n\t\t\t\t\t<\/div>\n\t\t\t\t\t\t\t\t\t<div class=\"col-lg-4\">\n\t\t\t\t\t\t<div class=\"ndm-service d-flex align-items-start\">\n\t\t\t\t\t\t\t<img decoding=\"async\" src=\"https:\/\/tiszakastely.hu\/wp-content\/uploads\/2024\/05\/rendezvenyter-ikon.png\" class=\"ndm-service__icon me-3\">\t\t\t\t\t\t\t<div class=\"ndm-service__content\">\n\t\t\t\t\t\t\t\t<h3 class=\"ndm-service__title mb-2\">Spa\u021biu pentru evenimente<\/h3><p class=\"mb-0\">Castelul uneia dintre cele mai importante familii istorice ale \u021b\u0103rii noastre, mo\u0219ia de la Geszt, dispune de o pensiune cu 29 de camere, restaurant, spa\u021bii comunitare, terenuri de sport \u0219i un parc de 19 hectare. <\/p>\t\t\t\t\t\t\t<\/div>\n\t\t\t\t\t\t<\/div>\n\t\t\t\t\t<\/div>\n\t\t\t\t\t\t\t\t\t<div class=\"col-lg-4\">\n\t\t\t\t\t\t<div class=\"ndm-service d-flex align-items-start\">\n\t\t\t\t\t\t\t<img decoding=\"async\" src=\"https:\/\/tiszakastely.hu\/wp-content\/uploads\/2024\/05\/ajandekbolt-ikon.png\" class=\"ndm-service__icon me-3\">\t\t\t\t\t\t\t<div class=\"ndm-service__content\">\n\t\t\t\t\t\t\t\t<h3 class=\"ndm-service__title mb-2\">Magazin de cadouri<\/h3><p class=\"mb-0\">Casa Ofi\u021berilor este una dintre cele mai vechi cl\u0103diri \u00een incinta castelului, care \u00een cadrul renov\u0103rii a primit o func\u021bie complet nou\u0103. <\/p>\t\t\t\t\t\t\t<\/div>\n\t\t\t\t\t\t<\/div>\n\t\t\t\t\t<\/div>\n\t\t\t\t\t\t\t\t\t<div class=\"col-lg-4\">\n\t\t\t\t\t\t<div class=\"ndm-service d-flex align-items-start\">\n\t\t\t\t\t\t\t<img decoding=\"async\" src=\"https:\/\/tiszakastely.hu\/wp-content\/uploads\/2024\/05\/ikonok-feher-01.png\" class=\"ndm-service__icon me-3\">\t\t\t\t\t\t\t<div class=\"ndm-service__content\">\n\t\t\t\t\t\t\t\t<h3 class=\"ndm-service__title mb-2\">Pedagogie muzeal\u0103<\/h3><p class=\"mb-0\">Castelul Tisza din Geszt ofer\u0103 o varietate de activit\u0103\u021bi de pedagogie muzeal\u0103 pentru elevii de gimnaziu \u0219i de liceu. <\/p>\t\t\t\t\t\t\t<\/div>\n\t\t\t\t\t\t<\/div>\n\t\t\t\t\t<\/div>\n\t\t\t\t\t\t\t\t\t<div class=\"col-lg-4\">\n\t\t\t\t\t\t<div class=\"ndm-service d-flex align-items-start\">\n\t\t\t\t\t\t\t<img decoding=\"async\" src=\"https:\/\/tiszakastely.hu\/wp-content\/uploads\/2024\/05\/etterem-ikon.png\" class=\"ndm-service__icon me-3\">\t\t\t\t\t\t\t<div class=\"ndm-service__content\">\n\t\t\t\t\t\t\t\t<h3 class=\"ndm-service__title mb-2\">Activit\u0103\u021bi sportive \u0219i de agrement<\/h3><p class=\"mb-0\">Doritorii de recreere activ\u0103 au nenum\u0103rate oportunit\u0103\u021bi \u00een parcul Castelului Tisza din Geszt. Parcul castelului, extins cu noi func\u021bii, este locul ideal pentru activit\u0103\u021bi sportive \u0219i de agrement. <\/p>\t\t\t\t\t\t\t<\/div>\n\t\t\t\t\t\t<\/div>\n\t\t\t\t\t<\/div>\n\t\t\t\t<\/div><\/div><\/div><\/div><\/div><\/div><\/div>","protected":false},"excerpt":{"rendered":"<p>CazareL\u00e2ng\u0103 minunatul Castel Tisza a fost construit\u0103 Pensiunea Arany J\u00e1nos, al c\u0103rui stil arhitectural reune\u0219te liniile&#8230;<\/p>\n","protected":false},"author":2,"featured_media":0,"parent":0,"menu_order":14,"comment_status":"closed","ping_status":"closed","template":"fullwidth.php","meta":{"_acf_changed":false,"footnotes":""},"class_list":["post-1240","page","type-page","status-publish","hentry"],"acf":[],"_links":{"self":[{"href":"https:\/\/tiszakastely.hu\/ro\/wp-json\/wp\/v2\/pages\/1240","targetHints":{"allow":["GET"]}}],"collection":[{"href":"https:\/\/tiszakastely.hu\/ro\/wp-json\/wp\/v2\/pages"}],"about":[{"href":"https:\/\/tiszakastely.hu\/ro\/wp-json\/wp\/v2\/types\/page"}],"author":[{"embeddable":true,"href":"https:\/\/tiszakastely.hu\/ro\/wp-json\/wp\/v2\/users\/2"}],"replies":[{"embeddable":true,"href":"https:\/\/tiszakastely.hu\/ro\/wp-json\/wp\/v2\/comments?post=1240"}],"version-history":[{"count":0,"href":"https:\/\/tiszakastely.hu\/ro\/wp-json\/wp\/v2\/pages\/1240\/revisions"}],"wp:attachment":[{"href":"https:\/\/tiszakastely.hu\/ro\/wp-json\/wp\/v2\/media?parent=1240"}],"curies":[{"name":"wp","href":"https:\/\/api.w.org\/{rel}","templated":true}]}}