{"id":1241,"date":"2024-05-21T09:50:32","date_gmt":"2024-05-21T07:50:32","guid":{"rendered":"https:\/\/tiszakastely.hu\/servicii\/szallas\/"},"modified":"2024-12-10T14:48:47","modified_gmt":"2024-12-10T13:48:47","slug":"cazare","status":"publish","type":"page","link":"https:\/\/tiszakastely.hu\/ro\/servicii\/cazare\/","title":{"rendered":"Cazare"},"content":{"rendered":"<div id=\"pl-1241\"  class=\"panel-layout\" ><div id=\"pg-1241-0\"  class=\"panel-grid panel-no-style\" ><div id=\"pgc-1241-0-0\"  class=\"panel-grid-cell\" ><div id=\"panel-1241-0-0-0\" class=\"so-panel widget widget_ndm-btn panel-first-child\" data-index=\"0\" ><div\n\t\t\t\n\t\t\tclass=\"so-widget-ndm-btn so-widget-ndm-btn-default-d75171398898-1241\"\n\t\t\t\n\t\t><div class=\"ndm-btn text-start  mb-3 mb-lg-4\"><a href=\"https:\/\/ibe.sabeeapp.com\/properties\/Arany-J%C3%A1nos-Vend%C3%A9gh%C3%A1z-foglal%C3%A1s\/?p=bSp3ba70c1b885aff80&amp;checkin=2024-12-10&amp;checkout=2024-12-11\" class=\"btn btn-primary\" rel=\"nofollow noopener\" target=\"_blank\">Rezervare<\/a><\/div><\/div><\/div><div id=\"panel-1241-0-0-1\" class=\"so-panel widget widget_ndm-headings\" data-index=\"1\" ><div\n\t\t\t\n\t\t\tclass=\"so-widget-ndm-headings so-widget-ndm-headings-default-d75171398898-1241\"\n\t\t\t\n\t\t><h2 class=\"ndm-heading text-start text-purple mb-2\">Pensiunea Arany J\u00e1nos<\/h2><\/div><\/div><div id=\"panel-1241-0-0-2\" class=\"so-panel widget widget_sow-editor panel-last-child\" data-index=\"2\" ><div\n\t\t\t\n\t\t\tclass=\"so-widget-sow-editor so-widget-sow-editor-base\"\n\t\t\t\n\t\t>\n<div class=\"siteorigin-widget-tinymce textwidget\">\n\t<p>L\u00e2ng\u0103 minunatul Castel Tisza a fost construit\u0103 Pensiunea Arany J\u00e1nos, al c\u0103rui stil arhitectural reune\u0219te liniile simple \u0219i clare cu mediul istoric tradi\u021bional. Cl\u0103direa nou construit\u0103, cu 29 de camere, este situat\u0103 la marginea gr\u0103dinii castelului \u0219i parcului castelului. Cl\u0103direa este conectat\u0103 la cl\u0103direa principal\u0103 a castelului printr-un coridor de sticl\u0103.<\/p>\n<p>Pensiunea cu dou\u0103 etaje ofer\u0103 vizitatorilor 20 de camere duble la parter, iar la etaj 8 camere triple \u0219i 1 apartament pentru cinci persoane. Mobilierul camerelor asigur\u0103 o atmosfer\u0103 minimalist\u0103 lini\u0219titoare, fiind locul ideal pentru cei doritori de izolare \u0219i repaus, acesta fiind \u0219i motivul pentru care nu am amplasat televizoare \u00een camere.<\/p>\n<p>Mai multe informa\u021bii \u0219i rezerv\u0103ri la adresa de e-mail <a href=\"mailto:szallas@tiszakastely.hu\">szallas@tiszakastely.hu<\/a> sau telefonic la num\u0103rul <a href=\"tel:%20+36%2030%20084%205519\">+36 30\u00a0084 5519<\/a>.<\/p>\n<\/div>\n<\/div><\/div><\/div><div id=\"pgc-1241-0-1\"  class=\"panel-grid-cell\" ><div id=\"panel-1241-0-1-0\" class=\"so-panel widget widget_ndm-image panel-first-child panel-last-child\" data-index=\"3\" ><div\n\t\t\t\n\t\t\tclass=\"so-widget-ndm-image so-widget-ndm-image-default-d75171398898-1241\"\n\t\t\t\n\t\t><div class=\"ndm-image mb-3\"><img decoding=\"async\" src=\"https:\/\/tiszakastely.hu\/wp-content\/uploads\/2024\/05\/GEL6576_1260-jpg.webp\"title=\"Cazare\" ><\/div><\/div><\/div><\/div><\/div><div id=\"pg-1241-1\"  class=\"panel-grid panel-no-style\" ><div id=\"pgc-1241-1-0\"  class=\"panel-grid-cell\" ><div id=\"panel-1241-1-0-0\" class=\"so-panel widget widget_sow-editor panel-first-child panel-last-child\" data-index=\"4\" ><div\n\t\t\t\n\t\t\tclass=\"so-widget-sow-editor so-widget-sow-editor-base\"\n\t\t\t\n\t\t>\n<div class=\"siteorigin-widget-tinymce textwidget\">\n\t<p>Recep\u021bia noastr\u0103 st\u0103 la dispozi\u021bia clien\u021bilor \u00eentre orele 6:00 \u0219i 22:00.<\/p>\n<\/div>\n<\/div><\/div><\/div><\/div><\/div>","protected":false},"excerpt":{"rendered":"<p>L\u00e2ng\u0103 minunatul Castel Tisza a fost construit\u0103 Pensiunea Arany J\u00e1nos, al c\u0103rui stil arhitectural reune\u0219te liniile&#8230;<\/p>\n","protected":false},"author":2,"featured_media":0,"parent":1240,"menu_order":1,"comment_status":"closed","ping_status":"closed","template":"fullwidth.php","meta":{"_acf_changed":false,"footnotes":""},"class_list":["post-1241","page","type-page","status-publish","hentry"],"acf":[],"_links":{"self":[{"href":"https:\/\/tiszakastely.hu\/ro\/wp-json\/wp\/v2\/pages\/1241","targetHints":{"allow":["GET"]}}],"collection":[{"href":"https:\/\/tiszakastely.hu\/ro\/wp-json\/wp\/v2\/pages"}],"about":[{"href":"https:\/\/tiszakastely.hu\/ro\/wp-json\/wp\/v2\/types\/page"}],"author":[{"embeddable":true,"href":"https:\/\/tiszakastely.hu\/ro\/wp-json\/wp\/v2\/users\/2"}],"replies":[{"embeddable":true,"href":"https:\/\/tiszakastely.hu\/ro\/wp-json\/wp\/v2\/comments?post=1241"}],"version-history":[{"count":0,"href":"https:\/\/tiszakastely.hu\/ro\/wp-json\/wp\/v2\/pages\/1241\/revisions"}],"up":[{"embeddable":true,"href":"https:\/\/tiszakastely.hu\/ro\/wp-json\/wp\/v2\/pages\/1240"}],"wp:attachment":[{"href":"https:\/\/tiszakastely.hu\/ro\/wp-json\/wp\/v2\/media?parent=1241"}],"curies":[{"name":"wp","href":"https:\/\/api.w.org\/{rel}","templated":true}]}}