{"id":1251,"date":"2024-05-21T09:59:46","date_gmt":"2024-05-21T07:59:46","guid":{"rendered":"https:\/\/tiszakastely.hu\/servicii\/ajandekbolt\/"},"modified":"2024-08-28T09:25:23","modified_gmt":"2024-08-28T07:25:23","slug":"magazin-de-cadouri","status":"publish","type":"page","link":"https:\/\/tiszakastely.hu\/ro\/servicii\/magazin-de-cadouri\/","title":{"rendered":"Magazin de cadouri"},"content":{"rendered":"<div id=\"pl-1251\"  class=\"panel-layout\" ><div id=\"pg-1251-0\"  class=\"panel-grid panel-no-style\" ><div id=\"pgc-1251-0-0\"  class=\"panel-grid-cell\" ><div id=\"panel-1251-0-0-0\" class=\"so-panel widget widget_sow-editor panel-first-child panel-last-child\" data-index=\"0\" ><div\n\t\t\t\n\t\t\tclass=\"so-widget-sow-editor so-widget-sow-editor-base\"\n\t\t\t\n\t\t>\n<div class=\"siteorigin-widget-tinymce textwidget\">\n\t<p>Casa Ofi\u021berilor este una dintre cele mai vechi cl\u0103diri \u00een incinta castelului, care \u00een cadrul renov\u0103rii a primit o func\u021bie complet nou\u0103. \u00cen cl\u0103direa cu atmosfer\u0103 istoric\u0103 au fost amenajate casa de bilete, vestiarul \u0219i magazinul de cadouri, care ofer\u0103 o selec\u021bie variat\u0103 de c\u0103r\u021bi, publica\u021bii, fotografii, c\u0103r\u021bi po\u0219tale, suveniruri ceramice \u0219i textile legate de diferitele expozi\u021bii \u0219i colec\u021bii ale Castelului Tisza. De aici pot fi achizi\u021bionate \u0219i obiectele de artizanat local realizate pentru castel.<\/p>\n<p>Magazinul de cadouri este deschis celor interesa\u021bi \u00een timpul programului de vizitare a expozi\u021biei.<\/p>\n<\/div>\n<\/div><\/div><\/div><div id=\"pgc-1251-0-1\"  class=\"panel-grid-cell\" ><div id=\"panel-1251-0-1-0\" class=\"so-panel widget widget_ndm-image panel-first-child panel-last-child\" data-index=\"1\" ><div\n\t\t\t\n\t\t\tclass=\"so-widget-ndm-image so-widget-ndm-image-default-d75171398898-1251\"\n\t\t\t\n\t\t><div class=\"ndm-image mb-0\"><img decoding=\"async\" src=\"https:\/\/tiszakastely.hu\/wp-content\/uploads\/2024\/07\/20240606DSC_5953_eredmeny-1-jpg.avif\"title=\"Magazin de cadouri\" ><\/div><\/div><\/div><\/div><\/div><\/div>","protected":false},"excerpt":{"rendered":"<p>Casa Ofi\u021berilor este una dintre cele mai vechi cl\u0103diri \u00een incinta castelului, care \u00een cadrul renov\u0103rii&#8230;<\/p>\n","protected":false},"author":2,"featured_media":0,"parent":1240,"menu_order":5,"comment_status":"closed","ping_status":"closed","template":"fullwidth.php","meta":{"_acf_changed":false,"footnotes":""},"class_list":["post-1251","page","type-page","status-publish","hentry"],"acf":[],"_links":{"self":[{"href":"https:\/\/tiszakastely.hu\/ro\/wp-json\/wp\/v2\/pages\/1251","targetHints":{"allow":["GET"]}}],"collection":[{"href":"https:\/\/tiszakastely.hu\/ro\/wp-json\/wp\/v2\/pages"}],"about":[{"href":"https:\/\/tiszakastely.hu\/ro\/wp-json\/wp\/v2\/types\/page"}],"author":[{"embeddable":true,"href":"https:\/\/tiszakastely.hu\/ro\/wp-json\/wp\/v2\/users\/2"}],"replies":[{"embeddable":true,"href":"https:\/\/tiszakastely.hu\/ro\/wp-json\/wp\/v2\/comments?post=1251"}],"version-history":[{"count":0,"href":"https:\/\/tiszakastely.hu\/ro\/wp-json\/wp\/v2\/pages\/1251\/revisions"}],"up":[{"embeddable":true,"href":"https:\/\/tiszakastely.hu\/ro\/wp-json\/wp\/v2\/pages\/1240"}],"wp:attachment":[{"href":"https:\/\/tiszakastely.hu\/ro\/wp-json\/wp\/v2\/media?parent=1251"}],"curies":[{"name":"wp","href":"https:\/\/api.w.org\/{rel}","templated":true}]}}