{"id":1253,"date":"2024-05-21T10:00:09","date_gmt":"2024-05-21T08:00:09","guid":{"rendered":"https:\/\/tiszakastely.hu\/servicii\/muzeumpedagogia\/"},"modified":"2024-08-28T09:26:40","modified_gmt":"2024-08-28T07:26:40","slug":"pedagogie-muzeala","status":"publish","type":"page","link":"https:\/\/tiszakastely.hu\/ro\/servicii\/pedagogie-muzeala\/","title":{"rendered":"Pedagogie muzeal\u0103"},"content":{"rendered":"<div id=\"pl-1253\"  class=\"panel-layout\" ><div id=\"pg-1253-0\"  class=\"panel-grid panel-no-style\" ><div id=\"pgc-1253-0-0\"  class=\"panel-grid-cell\" ><div id=\"panel-1253-0-0-0\" class=\"so-panel widget widget_sow-editor panel-first-child\" data-index=\"0\" ><div\n\t\t\t\n\t\t\tclass=\"so-widget-sow-editor so-widget-sow-editor-base\"\n\t\t\t\n\t\t>\n<div class=\"siteorigin-widget-tinymce textwidget\">\n\t<p>Castelul Tisza din Geszt ofer\u0103 o varietate de activit\u0103\u021bi de pedagogie muzeal\u0103 pentru elevii de gimnaziu \u0219i de liceu. Prezent\u0103rile \u0219i programele istorice \u0219i tradi\u021bionale interactive sprijin\u0103 \u00eenv\u0103\u021barea eficient\u0103 \u0219i transferul juc\u0103u\u0219 \u0219i inspirator de cuno\u0219tin\u021be. Scopul activit\u0103\u021bilor este de a transmite \u00eentr-un mod distractiv cuno\u0219tin\u021be despre istoria Ungariei \u0219i importan\u021ba peren\u0103 a familiei Tisza. \u00cen acest spirit au dezvoltat pedagogii no\u0219tri muzeali programele de activit\u0103\u021bi creative, despre care pot fi solicitate informa\u021bii folosind datele de contact:<\/p>\n<\/div>\n<\/div><\/div><div id=\"panel-1253-0-0-1\" class=\"so-panel widget widget_ndm-btn panel-last-child\" data-index=\"1\" ><div\n\t\t\t\n\t\t\tclass=\"so-widget-ndm-btn so-widget-ndm-btn-default-d75171398898-1253\"\n\t\t\t\n\t\t><div class=\"ndm-btn text-start\"><a href=\"mailto:muzeumpedagogia@nofnkft.hu\" class=\"btn btn-primary\">muzeumpedagogia@nofnkft.hu<\/a><\/div><\/div><\/div><\/div><div id=\"pgc-1253-0-1\"  class=\"panel-grid-cell\" ><div id=\"panel-1253-0-1-0\" class=\"so-panel widget widget_ndm-image panel-first-child panel-last-child\" data-index=\"2\" ><div\n\t\t\t\n\t\t\tclass=\"so-widget-ndm-image so-widget-ndm-image-default-d75171398898-1253\"\n\t\t\t\n\t\t><div class=\"ndm-image mb-0\"><img decoding=\"async\" src=\"https:\/\/tiszakastely.hu\/wp-content\/uploads\/2024\/05\/JG_00086_610-jpg.webp\"title=\"Pedagogie muzeal\u0103\" ><\/div><\/div><\/div><\/div><\/div><\/div>","protected":false},"excerpt":{"rendered":"<p>Castelul Tisza din Geszt ofer\u0103 o varietate de activit\u0103\u021bi de pedagogie muzeal\u0103 pentru elevii de gimnaziu&#8230;<\/p>\n","protected":false},"author":2,"featured_media":0,"parent":1240,"menu_order":6,"comment_status":"closed","ping_status":"closed","template":"fullwidth.php","meta":{"_acf_changed":false,"footnotes":""},"class_list":["post-1253","page","type-page","status-publish","hentry"],"acf":[],"_links":{"self":[{"href":"https:\/\/tiszakastely.hu\/ro\/wp-json\/wp\/v2\/pages\/1253","targetHints":{"allow":["GET"]}}],"collection":[{"href":"https:\/\/tiszakastely.hu\/ro\/wp-json\/wp\/v2\/pages"}],"about":[{"href":"https:\/\/tiszakastely.hu\/ro\/wp-json\/wp\/v2\/types\/page"}],"author":[{"embeddable":true,"href":"https:\/\/tiszakastely.hu\/ro\/wp-json\/wp\/v2\/users\/2"}],"replies":[{"embeddable":true,"href":"https:\/\/tiszakastely.hu\/ro\/wp-json\/wp\/v2\/comments?post=1253"}],"version-history":[{"count":0,"href":"https:\/\/tiszakastely.hu\/ro\/wp-json\/wp\/v2\/pages\/1253\/revisions"}],"up":[{"embeddable":true,"href":"https:\/\/tiszakastely.hu\/ro\/wp-json\/wp\/v2\/pages\/1240"}],"wp:attachment":[{"href":"https:\/\/tiszakastely.hu\/ro\/wp-json\/wp\/v2\/media?parent=1253"}],"curies":[{"name":"wp","href":"https:\/\/api.w.org\/{rel}","templated":true}]}}