{"id":1255,"date":"2024-05-21T10:00:42","date_gmt":"2024-05-21T08:00:42","guid":{"rendered":"https:\/\/tiszakastely.hu\/servicii\/sport-es-szabadidos-tevekenysegek\/"},"modified":"2024-08-28T09:27:40","modified_gmt":"2024-08-28T07:27:40","slug":"activitati-sportive-si-de-agrement","status":"publish","type":"page","link":"https:\/\/tiszakastely.hu\/ro\/servicii\/activitati-sportive-si-de-agrement\/","title":{"rendered":"Activit\u0103\u021bi sportive \u0219i de agrement"},"content":{"rendered":"<div id=\"pl-1255\"  class=\"panel-layout\" ><div id=\"pg-1255-0\"  class=\"panel-grid panel-no-style\" ><div id=\"pgc-1255-0-0\"  class=\"panel-grid-cell\" ><div id=\"panel-1255-0-0-0\" class=\"so-panel widget widget_sow-editor panel-first-child panel-last-child\" data-index=\"0\" ><div\n\t\t\t\n\t\t\tclass=\"so-widget-sow-editor so-widget-sow-editor-base\"\n\t\t\t\n\t\t>\n<div class=\"siteorigin-widget-tinymce textwidget\">\n\t<p>Doritorii de recreere activ\u0103 au nenum\u0103rate oportunit\u0103\u021bi \u00een parcul Castelului Tisza din Geszt. Parcul castelului, extins cu noi func\u021bii, este locul ideal pentru activit\u0103\u021bi sportive \u0219i de agrement. Un teren de sport multifunc\u021bional (teren de tenis, volei, handbal), un teren de fotbal \u0219i un teren de petanque \u00eei a\u0219teapt\u0103 pe cei care doresc s\u0103 fac\u0103 sport \u0219i pe doritorii de relaxare. De asemenea, \u00een multe puncte am creat spa\u021bii de depozitare pentru cei care sosesc cu bicicleta. Traseele pietonale \u0219i terenurile de sport din parcul castelului sunt dotate cu iluminat nocturn, astfel \u00eenc\u00e2t oaspe\u021bii no\u0219tri s\u0103 se poat\u0103 bucura de timpul lor \u00een aer liber indiferent de or\u0103.<\/p>\n<p>Terenul de sport poate fi rezervat \u0219i utilizat pe baz\u0103 de programare.<\/p>\n<\/div>\n<\/div><\/div><\/div><div id=\"pgc-1255-0-1\"  class=\"panel-grid-cell\" ><div id=\"panel-1255-0-1-0\" class=\"so-panel widget widget_ndm-image panel-first-child panel-last-child\" data-index=\"1\" ><div\n\t\t\t\n\t\t\tclass=\"so-widget-ndm-image so-widget-ndm-image-default-d75171398898-1255\"\n\t\t\t\n\t\t><div class=\"ndm-image mb-0\"><img decoding=\"async\" src=\"https:\/\/tiszakastely.hu\/wp-content\/uploads\/2024\/07\/20240606DSC_5668_eredmeny-jpg.avif\"title=\"Activit\u0103\u021bi sportive \u0219i de agrement\" ><\/div><\/div><\/div><\/div><\/div><\/div>","protected":false},"excerpt":{"rendered":"<p>Doritorii de recreere activ\u0103 au nenum\u0103rate oportunit\u0103\u021bi \u00een parcul Castelului Tisza din Geszt. Parcul castelului, extins&#8230;<\/p>\n","protected":false},"author":2,"featured_media":0,"parent":1240,"menu_order":7,"comment_status":"closed","ping_status":"closed","template":"fullwidth.php","meta":{"_acf_changed":false,"footnotes":""},"class_list":["post-1255","page","type-page","status-publish","hentry"],"acf":[],"_links":{"self":[{"href":"https:\/\/tiszakastely.hu\/ro\/wp-json\/wp\/v2\/pages\/1255","targetHints":{"allow":["GET"]}}],"collection":[{"href":"https:\/\/tiszakastely.hu\/ro\/wp-json\/wp\/v2\/pages"}],"about":[{"href":"https:\/\/tiszakastely.hu\/ro\/wp-json\/wp\/v2\/types\/page"}],"author":[{"embeddable":true,"href":"https:\/\/tiszakastely.hu\/ro\/wp-json\/wp\/v2\/users\/2"}],"replies":[{"embeddable":true,"href":"https:\/\/tiszakastely.hu\/ro\/wp-json\/wp\/v2\/comments?post=1255"}],"version-history":[{"count":0,"href":"https:\/\/tiszakastely.hu\/ro\/wp-json\/wp\/v2\/pages\/1255\/revisions"}],"up":[{"embeddable":true,"href":"https:\/\/tiszakastely.hu\/ro\/wp-json\/wp\/v2\/pages\/1240"}],"wp:attachment":[{"href":"https:\/\/tiszakastely.hu\/ro\/wp-json\/wp\/v2\/media?parent=1255"}],"curies":[{"name":"wp","href":"https:\/\/api.w.org\/{rel}","templated":true}]}}